{"id":1731,"date":"2019-04-10T13:02:08","date_gmt":"2019-04-10T13:02:08","guid":{"rendered":"http:\/\/rugbymajadahonda.com\/web\/?page_id=1731"},"modified":"2022-09-05T16:34:07","modified_gmt":"2022-09-05T16:34:07","slug":"club","status":"publish","type":"page","link":"https:\/\/rugbymajadahonda.com\/web\/club\/","title":{"rendered":"CLUB"},"content":{"rendered":"\n<div class=\"wp-block-media-text alignwide is-stacked-on-mobile is-vertically-aligned-center\" style=\"grid-template-columns:20% auto\"><figure class=\"wp-block-media-text__media\"><img fetchpriority=\"high\" decoding=\"async\" width=\"253\" height=\"268\" src=\"https:\/\/rugbymajadahonda.com\/web\/wp-content\/uploads\/2021\/08\/luisa-circulo.jpg\" alt=\"\" class=\"wp-image-5990 size-full\"\/><\/figure><div class=\"wp-block-media-text__content\">\n<p>Queridos amigos,<\/p>\n\n\n\n<p>Juntos hemos pasado dos de los a\u00f1os m\u00e1s complicados que recordamos.<\/p>\n\n\n\n<p>Juntos hemos alcanzado los objetivos deportivos en todas las categor\u00edas.<\/p>\n\n\n\n<p>Juntos seguimos creciendo en n\u00famero de fichas, en n\u00famero de socios, en n\u00famero de patrocinadores y multiplicamos cada a\u00f1o el n\u00famero de acciones sociales y de promoci\u00f3n.<\/p>\n\n\n\n<p>Juntos batimos nuestro r\u00e9cord en la temporada 20\/21 con 436 fichas y volvimos a batirlo en la 21\/22 con 530 fichas.<\/p>\n\n\n\n<p>\u00a0<\/p>\n<\/div><\/div>\n\n\n\n<p>Juntos vamos a vivir, al fin, el arranque del proyecto de Rugby Inclusivo que tanto tiempo llevamos persiguiendo.<\/p>\n\n\n\n<p>Juntos seguimos creando un club \u00fanico, especial, maravilloso. Un club que es una familia.<\/p>\n\n\n\n<p>Juntos podemos lograr todo aquello que nos propongamos. Juntos vamos a seguir creciendo en lo humano, en lo social y, por supuesto, en lo deportivo.<\/p>\n\n\n\n<p>En el Club de Rugby Majadahonda sabemos que nuestra principal virtud est\u00e1 en las personas que conformamos la masa social del mismo, incluyendo los deportistas de todas las edades, los socios, los aficionados y por supuesto las personas que trabajan en el Excelent\u00edsimo Ayuntamiento de Majadahonda, as\u00ed como todos y cada uno de los patrocinadores.<\/p>\n\n\n\n<p>Como presidenta del CRM, me enorgullece ver c\u00f3mo seguimos formando un gran grupo de trabajo al que no puedo dejar de dar las gracias. Gracias a los miembros de la Junta Directiva, entrenadores y entrenadoras, coordinadores, delegados y delegadas, deportistas y familias de la escuela, socios y socias y veteranos y veteranas por poner desinteresadamente vuestro granito de arena (cuando no monta\u00f1as) para que podamos ser el club tan especial que somos. Gracias por las horas de trabajo desinteresado y gracias por los emocionantes y divertidos momentos que vivimos cada d\u00eda gracias a nuestro Club.<\/p>\n\n\n\n<h4 class=\"wp-block-heading\">Crecemos jugando.<\/h4>\n\n\n\n<p><strong>Luisa P\u00e9rez Garc\u00eda<\/strong><\/p>\n\n\n\n<p>Presidente del Club de Rugby Majadahonda<\/p>\n\n\n\n<h6 class=\"wp-block-heading\">Mejores rugbiers, mejores personas<\/h6>\n\n\n<div class=\"wp-block-image\">\n<figure class=\"aligncenter size-medium\"><img decoding=\"async\" width=\"300\" height=\"68\" src=\"https:\/\/rugbymajadahonda.com\/web\/wp-content\/uploads\/2021\/02\/LOGO-RUGBY-MAJADAHONDA-bicolor-300x68.png\" alt=\"\" class=\"wp-image-4335\" srcset=\"https:\/\/rugbymajadahonda.com\/web\/wp-content\/uploads\/2021\/02\/LOGO-RUGBY-MAJADAHONDA-bicolor-300x68.png 300w, https:\/\/rugbymajadahonda.com\/web\/wp-content\/uploads\/2021\/02\/LOGO-RUGBY-MAJADAHONDA-bicolor-1500x342.png 1500w, https:\/\/rugbymajadahonda.com\/web\/wp-content\/uploads\/2021\/02\/LOGO-RUGBY-MAJADAHONDA-bicolor-768x175.png 768w, https:\/\/rugbymajadahonda.com\/web\/wp-content\/uploads\/2021\/02\/LOGO-RUGBY-MAJADAHONDA-bicolor-1024x234.png 1024w, https:\/\/rugbymajadahonda.com\/web\/wp-content\/uploads\/2021\/02\/LOGO-RUGBY-MAJADAHONDA-bicolor-1536x350.png 1536w, https:\/\/rugbymajadahonda.com\/web\/wp-content\/uploads\/2021\/02\/LOGO-RUGBY-MAJADAHONDA-bicolor-600x137.png 600w, https:\/\/rugbymajadahonda.com\/web\/wp-content\/uploads\/2021\/02\/LOGO-RUGBY-MAJADAHONDA-bicolor.png 1911w\" sizes=\"(max-width: 300px) 100vw, 300px\" \/><\/figure>\n<\/div>","protected":false},"excerpt":{"rendered":"<p>Queridos amigos, Juntos hemos pasado dos de los a\u00f1os m\u00e1s complicados que recordamos. Juntos hemos alcanzado los objetivos deportivos en todas las categor\u00edas. Juntos seguimos creciendo en n\u00famero de fichas, en n\u00famero de socios, en n\u00famero de patrocinadores y multiplicamos cada a\u00f1o el n\u00famero de acciones sociales y de promoci\u00f3n. Juntos batimos nuestro r\u00e9cord en la temporada 20\/21 con 436 fichas y volvimos a batirlo en la 21\/22 con 530 fichas. \u00a0 Juntos vamos a vivir, al fin, el arranque del proyecto de Rugby Inclusivo que tanto tiempo llevamos persiguiendo. Juntos seguimos creando un club \u00fanico, especial, maravilloso. Un club&#8230; <\/p>\n","protected":false},"author":1,"featured_media":9263,"parent":0,"menu_order":0,"comment_status":"closed","ping_status":"closed","template":"template-parts\/template-full-width.php","meta":{"cybocfi_hide_featured_image":"","footnotes":""},"class_list":["post-1731","page","type-page","status-publish","has-post-thumbnail","hentry"],"jetpack-related-posts":[{"id":10473,"url":"https:\/\/rugbymajadahonda.com\/web\/rsc-rugby-majadahonda\/","url_meta":{"origin":1731,"position":0},"title":"El motor que nos mueve","author":"admin","date":"9 abril, 2023","format":false,"excerpt":"EL MOTOR QUE NOS MUEVE EDUCACI\u00d3N EN EL DEPORTE MEDIO AMBIENTE IGUALDAD Y REDUCCI\u00d3N DE DESIGUALDADES SALUD Y BIENESTAR ALIANZA PARA LOGRAR LOS OBJETIVOS EDUCACI\u00d3N EN EL DEPORTE En el Club de Rugby Majadahonda trabajamos para conseguir la mejor versi\u00f3n de los ni\u00f1os y ni\u00f1as de nuestra escuela, no solo\u2026","rel":"","context":"Entrada similar","block_context":{"text":"Entrada similar","link":""},"img":{"alt_text":"","src":"https:\/\/i0.wp.com\/rugbymajadahonda.com\/web\/wp-content\/uploads\/2021\/02\/LOGO-RUGBY-MAJADAHONDA-bicolor-300x68.png?resize=350%2C200&ssl=1","width":350,"height":200},"classes":[]},{"id":9416,"url":"https:\/\/rugbymajadahonda.com\/web\/bases-legales-sorteo-viaje-al-mundial-francia-2023\/","url_meta":{"origin":1731,"position":1},"title":"Bases legales sorteo \u00abViaje al mundial Francia 2023\u00bb","author":"admin","date":"8 septiembre, 2022","format":false,"excerpt":"1. Identificaci\u00f3n de la empresa organizadora. Club de Rugby Majadahonda, con domicilio fiscal en Av. Guadarrama 21, 28220-Majadahonda (Madrid) y con CIF G80218886 organiza una rifa titulada \u201cViaje al Mundial de Francia 2023\u201d 2. Fechas de comienzo y finalizaci\u00f3n del concurso y \u00e1mbito geogr\u00e1fico. La fecha de inicio del concurso\u2026","rel":"","context":"Entrada similar","block_context":{"text":"Entrada similar","link":""},"img":{"alt_text":"","src":"https:\/\/i0.wp.com\/rugbymajadahonda.com\/web\/wp-content\/uploads\/2021\/02\/LOGO-RUGBY-MAJADAHONDA-bicolor.png?resize=350%2C200&ssl=1","width":350,"height":200,"srcset":"https:\/\/i0.wp.com\/rugbymajadahonda.com\/web\/wp-content\/uploads\/2021\/02\/LOGO-RUGBY-MAJADAHONDA-bicolor.png?resize=350%2C200&ssl=1 1x, https:\/\/i0.wp.com\/rugbymajadahonda.com\/web\/wp-content\/uploads\/2021\/02\/LOGO-RUGBY-MAJADAHONDA-bicolor.png?resize=525%2C300&ssl=1 1.5x, https:\/\/i0.wp.com\/rugbymajadahonda.com\/web\/wp-content\/uploads\/2021\/02\/LOGO-RUGBY-MAJADAHONDA-bicolor.png?resize=700%2C400&ssl=1 2x, https:\/\/i0.wp.com\/rugbymajadahonda.com\/web\/wp-content\/uploads\/2021\/02\/LOGO-RUGBY-MAJADAHONDA-bicolor.png?resize=1050%2C600&ssl=1 3x, https:\/\/i0.wp.com\/rugbymajadahonda.com\/web\/wp-content\/uploads\/2021\/02\/LOGO-RUGBY-MAJADAHONDA-bicolor.png?resize=1400%2C800&ssl=1 4x"},"classes":[]},{"id":10939,"url":"https:\/\/rugbymajadahonda.com\/web\/unete-a-nosotros\/jugadores\/","url_meta":{"origin":1731,"position":2},"title":"Jugadores","author":"admin","date":"30 agosto, 2023","format":false,"excerpt":"AC\u00c9RCATE Y JUEGA CON NOSOTROS\u00a0Si por algo nos gusta caracterizarnos en el. rugby es por dar cabida a todo el mundo. Da igual si eres alto o bajo, fuerte o delgado, r\u00e1pido o lento. No nos importa si has jugado antes o no has hecho nunca deporte.Si deseas empezar en\u2026","rel":"","context":"Entrada similar","block_context":{"text":"Entrada similar","link":""},"img":{"alt_text":"","src":"https:\/\/i0.wp.com\/rugbymajadahonda.com\/web\/wp-content\/uploads\/2021\/02\/LOGO-RUGBY-MAJADAHONDA-bicolor-300x68.png?resize=350%2C200&ssl=1","width":350,"height":200},"classes":[]},{"id":6014,"url":"https:\/\/rugbymajadahonda.com\/web\/contacto\/pagos-online\/","url_meta":{"origin":1731,"position":3},"title":"Pagos Online","author":"admin","date":"9 agosto, 2021","format":false,"excerpt":"Condiciones de pagos online\u00a0Datos Fiscales del Titular:Club de Rugby Majadahonda (Inscrito en el registro oficial de Asociaciones Deportivas de la Comunidad de Madrid)C.I.F G80218886Domicilio: Campo de Rugby Valle del ArcipresteAvenida de Guadarrama, 2128220 Majadahonda (MADRID)SPAINM\u00e9todos de Pago aceptados para las inscripciones:Para pagos online se aceptan los pagos con tarjeta VISA\u2026","rel":"","context":"Entrada similar","block_context":{"text":"Entrada similar","link":""},"img":{"alt_text":"","src":"","width":0,"height":0},"classes":[]},{"id":137,"url":"https:\/\/rugbymajadahonda.com\/web\/unete-a-nosotros\/jugadores-2-2\/","url_meta":{"origin":1731,"position":4},"title":"Jugadores-2","author":"admin","date":"25 julio, 2017","format":false,"excerpt":"AC\u00c9RCATE Y JUEGA CON NOSOTROS\u00a0Si por algo nos gusta caracterizarnos en el. rugby es por dar cabida a todo el mundo. Da igual si eres alto o bajo, fuerte o delgado, r\u00e1pido o lento. No nos importa si has jugado antes o no has hecho nunca deporte.Si deseas empezar en\u2026","rel":"","context":"Entrada similar","block_context":{"text":"Entrada similar","link":""},"img":{"alt_text":"","src":"https:\/\/i0.wp.com\/rugbymajadahonda.com\/web\/wp-content\/uploads\/2021\/02\/LOGO-RUGBY-MAJADAHONDA-bicolor-300x68.png?resize=350%2C200&ssl=1","width":350,"height":200},"classes":[]},{"id":24,"url":"https:\/\/rugbymajadahonda.com\/web\/club\/historia\/","url_meta":{"origin":1731,"position":5},"title":"Historia","author":"admin","date":"25 julio, 2017","format":false,"excerpt":"HISTORIA Los inicios Todo comenz\u00f3 con un grupo de amigos que se reun\u00edan para jugar al rugby en el c\u00e9sped de una\u00a0urbanizaci\u00f3n majariega, Las Huertas. Alberto Pellicer \u201cPelli\u201d, Fernando Eulate. Javier Tortol \u201cTito\u201d y Gifu\u00a0formaron el embri\u00f3n del club.Aunque en un principio jugaron con camisetas prestadas, consiguieron gracias al mecenazgo\u2026","rel":"","context":"Entrada similar","block_context":{"text":"Entrada similar","link":""},"img":{"alt_text":"","src":"https:\/\/i0.wp.com\/rugbymajadahonda.com\/web\/wp-content\/uploads\/2022\/08\/IMG_8222-scaled.jpg?resize=350%2C200&ssl=1","width":350,"height":200,"srcset":"https:\/\/i0.wp.com\/rugbymajadahonda.com\/web\/wp-content\/uploads\/2022\/08\/IMG_8222-scaled.jpg?resize=350%2C200&ssl=1 1x, https:\/\/i0.wp.com\/rugbymajadahonda.com\/web\/wp-content\/uploads\/2022\/08\/IMG_8222-scaled.jpg?resize=525%2C300&ssl=1 1.5x, https:\/\/i0.wp.com\/rugbymajadahonda.com\/web\/wp-content\/uploads\/2022\/08\/IMG_8222-scaled.jpg?resize=700%2C400&ssl=1 2x, https:\/\/i0.wp.com\/rugbymajadahonda.com\/web\/wp-content\/uploads\/2022\/08\/IMG_8222-scaled.jpg?resize=1050%2C600&ssl=1 3x, https:\/\/i0.wp.com\/rugbymajadahonda.com\/web\/wp-content\/uploads\/2022\/08\/IMG_8222-scaled.jpg?resize=1400%2C800&ssl=1 4x"},"classes":[]}],"jetpack_sharing_enabled":true,"_links":{"self":[{"href":"https:\/\/rugbymajadahonda.com\/web\/wp-json\/wp\/v2\/pages\/1731","targetHints":{"allow":["GET"]}}],"collection":[{"href":"https:\/\/rugbymajadahonda.com\/web\/wp-json\/wp\/v2\/pages"}],"about":[{"href":"https:\/\/rugbymajadahonda.com\/web\/wp-json\/wp\/v2\/types\/page"}],"author":[{"embeddable":true,"href":"https:\/\/rugbymajadahonda.com\/web\/wp-json\/wp\/v2\/users\/1"}],"replies":[{"embeddable":true,"href":"https:\/\/rugbymajadahonda.com\/web\/wp-json\/wp\/v2\/comments?post=1731"}],"version-history":[{"count":8,"href":"https:\/\/rugbymajadahonda.com\/web\/wp-json\/wp\/v2\/pages\/1731\/revisions"}],"predecessor-version":[{"id":9381,"href":"https:\/\/rugbymajadahonda.com\/web\/wp-json\/wp\/v2\/pages\/1731\/revisions\/9381"}],"wp:featuredmedia":[{"embeddable":true,"href":"https:\/\/rugbymajadahonda.com\/web\/wp-json\/wp\/v2\/media\/9263"}],"wp:attachment":[{"href":"https:\/\/rugbymajadahonda.com\/web\/wp-json\/wp\/v2\/media?parent=1731"}],"curies":[{"name":"wp","href":"https:\/\/api.w.org\/{rel}","templated":true}]}}