{"id":1830,"date":"2019-04-12T11:11:35","date_gmt":"2019-04-12T11:11:35","guid":{"rendered":"http:\/\/rugbymajadahonda.com\/web\/?page_id=1830"},"modified":"2023-07-20T09:55:42","modified_gmt":"2023-07-20T09:55:42","slug":"contacto","status":"publish","type":"page","link":"https:\/\/rugbymajadahonda.com\/web\/contacto\/","title":{"rendered":"CONTACTO"},"content":{"rendered":"\t\t<div data-elementor-type=\"wp-post\" data-elementor-id=\"1830\" class=\"elementor elementor-1830\">\n\t\t\t\t\t\t\t\t\t<section class=\"elementor-section elementor-top-section elementor-element elementor-element-1c160e3 elementor-section-boxed elementor-section-height-default elementor-section-height-default\" data-id=\"1c160e3\" data-element_type=\"section\">\n\t\t\t\t\t\t<div class=\"elementor-container elementor-column-gap-default\">\n\t\t\t\t\t<div class=\"elementor-column elementor-col-100 elementor-top-column elementor-element elementor-element-29ffecc\" data-id=\"29ffecc\" data-element_type=\"column\">\n\t\t\t<div class=\"elementor-widget-wrap elementor-element-populated\">\n\t\t\t\t\t\t\t\t<section class=\"elementor-section elementor-inner-section elementor-element elementor-element-1e34225 elementor-section-boxed elementor-section-height-default elementor-section-height-default\" data-id=\"1e34225\" data-element_type=\"section\">\n\t\t\t\t\t\t<div class=\"elementor-container elementor-column-gap-default\">\n\t\t\t\t\t<div class=\"elementor-column elementor-col-100 elementor-inner-column elementor-element elementor-element-39a8fc4\" data-id=\"39a8fc4\" data-element_type=\"column\">\n\t\t\t<div class=\"elementor-widget-wrap elementor-element-populated\">\n\t\t\t\t\t\t\t\t<div class=\"elementor-element elementor-element-1d2b1da elementor-widget elementor-widget-image\" data-id=\"1d2b1da\" data-element_type=\"widget\" data-widget_type=\"image.default\">\n\t\t\t\t<div class=\"elementor-widget-container\">\n\t\t\t\t\t\t\t\t\t\t\t\t\t\t\t<img decoding=\"async\" width=\"300\" height=\"68\" src=\"https:\/\/rugbymajadahonda.com\/web\/wp-content\/uploads\/2018\/08\/logorugbymajadahonda-300x68.png\" class=\"attachment-medium size-medium wp-image-1058\" alt=\"\" srcset=\"https:\/\/rugbymajadahonda.com\/web\/wp-content\/uploads\/2018\/08\/logorugbymajadahonda-300x68.png 300w, https:\/\/rugbymajadahonda.com\/web\/wp-content\/uploads\/2018\/08\/logorugbymajadahonda-600x137.png 600w, https:\/\/rugbymajadahonda.com\/web\/wp-content\/uploads\/2018\/08\/logorugbymajadahonda-768x175.png 768w, https:\/\/rugbymajadahonda.com\/web\/wp-content\/uploads\/2018\/08\/logorugbymajadahonda-1024x234.png 1024w, https:\/\/rugbymajadahonda.com\/web\/wp-content\/uploads\/2018\/08\/logorugbymajadahonda-150x34.png 150w, https:\/\/rugbymajadahonda.com\/web\/wp-content\/uploads\/2018\/08\/logorugbymajadahonda.png 1911w\" sizes=\"(max-width: 300px) 100vw, 300px\" \/>\t\t\t\t\t\t\t\t\t\t\t\t\t\t\t<\/div>\n\t\t\t\t<\/div>\n\t\t\t\t<div class=\"elementor-element elementor-element-a602c17 elementor-widget elementor-widget-text-editor\" data-id=\"a602c17\" data-element_type=\"widget\" data-widget_type=\"text-editor.default\">\n\t\t\t\t<div class=\"elementor-widget-container\">\n\t\t\t\t\t\t\t<h4>VEN A CONOCERNOS<\/h4><p><span style=\"color: #333333;\">Horario Oficina: martes y jueves de 17:30 a 20:00 h,\u00a0 con cita previa, en el <b>campo de rugby.\u00a0<\/b><\/span><\/p>\t\t\t\t\t\t<\/div>\n\t\t\t\t<\/div>\n\t\t\t\t<div class=\"elementor-element elementor-element-a3dcb81 elementor-widget elementor-widget-text-editor\" data-id=\"a3dcb81\" data-element_type=\"widget\" data-widget_type=\"text-editor.default\">\n\t\t\t\t<div class=\"elementor-widget-container\">\n\t\t\t\t\t\t\t<h4>CAMPO DE RUGBY VALLE DEL ARCIPRESTE<\/h4>\t\t\t\t\t\t<\/div>\n\t\t\t\t<\/div>\n\t\t\t\t<div class=\"elementor-element elementor-element-4e662a3 elementor-shape-rounded elementor-grid-0 e-grid-align-center elementor-widget elementor-widget-social-icons\" data-id=\"4e662a3\" data-element_type=\"widget\" data-widget_type=\"social-icons.default\">\n\t\t\t\t<div class=\"elementor-widget-container\">\n\t\t\t\t\t<div class=\"elementor-social-icons-wrapper elementor-grid\">\n\t\t\t\t\t\t\t<span class=\"elementor-grid-item\">\n\t\t\t\t\t<a class=\"elementor-icon elementor-social-icon elementor-social-icon-facebook elementor-animation-shrink elementor-repeater-item-90224ec\" target=\"_blank\">\n\t\t\t\t\t\t<span class=\"elementor-screen-only\">Facebook<\/span>\n\t\t\t\t\t\t\t\t\t\t\t\t\t<i class=\"fa fa-facebook\"><\/i>\n\t\t\t\t\t\t\t\t\t\t\t<\/a>\n\t\t\t\t<\/span>\n\t\t\t\t\t\t\t<span class=\"elementor-grid-item\">\n\t\t\t\t\t<a class=\"elementor-icon elementor-social-icon elementor-social-icon-twitter elementor-animation-shrink elementor-repeater-item-d2e6881\" href=\"http:\/\/www.twitter.com\/crmajadahonda\" target=\"_blank\">\n\t\t\t\t\t\t<span class=\"elementor-screen-only\">Twitter<\/span>\n\t\t\t\t\t\t\t\t\t\t\t\t\t<i class=\"fa fa-twitter\"><\/i>\n\t\t\t\t\t\t\t\t\t\t\t<\/a>\n\t\t\t\t<\/span>\n\t\t\t\t\t\t\t<span class=\"elementor-grid-item\">\n\t\t\t\t\t<a class=\"elementor-icon elementor-social-icon elementor-social-icon-instagram elementor-animation-shrink elementor-repeater-item-aec72dd\" href=\"http:\/\/www.instagram.com\/crmajadahonda\" target=\"_blank\">\n\t\t\t\t\t\t<span class=\"elementor-screen-only\">Instagram<\/span>\n\t\t\t\t\t\t\t\t\t\t\t\t\t<i class=\"fa fa-instagram\"><\/i>\n\t\t\t\t\t\t\t\t\t\t\t<\/a>\n\t\t\t\t<\/span>\n\t\t\t\t\t<\/div>\n\t\t\t\t<\/div>\n\t\t\t\t<\/div>\n\t\t\t\t\t<\/div>\n\t\t<\/div>\n\t\t\t\t\t\t\t<\/div>\n\t\t<\/section>\n\t\t\t\t\t<\/div>\n\t\t<\/div>\n\t\t\t\t\t\t\t<\/div>\n\t\t<\/section>\n\t\t\t\t<section class=\"elementor-section elementor-top-section elementor-element elementor-element-9500b19 elementor-section-boxed elementor-section-height-default elementor-section-height-default\" data-id=\"9500b19\" data-element_type=\"section\">\n\t\t\t\t\t\t<div class=\"elementor-container elementor-column-gap-default\">\n\t\t\t\t\t<div class=\"elementor-column elementor-col-100 elementor-top-column elementor-element elementor-element-15c6ea7\" data-id=\"15c6ea7\" data-element_type=\"column\">\n\t\t\t<div class=\"elementor-widget-wrap elementor-element-populated\">\n\t\t\t\t\t\t\t\t<div class=\"elementor-element elementor-element-16ef25f elementor-icon-list--layout-traditional elementor-list-item-link-full_width elementor-widget elementor-widget-icon-list\" data-id=\"16ef25f\" data-element_type=\"widget\" data-widget_type=\"icon-list.default\">\n\t\t\t\t<div class=\"elementor-widget-container\">\n\t\t\t\t\t<ul class=\"elementor-icon-list-items\">\n\t\t\t\t\t\t\t<li class=\"elementor-icon-list-item\">\n\t\t\t\t\t\t\t\t\t\t\t<span class=\"elementor-icon-list-icon\">\n\t\t\t\t\t\t\t<i aria-hidden=\"true\" class=\"fas fa-location-arrow\"><\/i>\t\t\t\t\t\t<\/span>\n\t\t\t\t\t\t\t\t\t\t<span class=\"elementor-icon-list-text\">Avenida Guadarrama 21, 28220 Majadahonda, Madrid<\/span>\n\t\t\t\t\t\t\t\t\t<\/li>\n\t\t\t\t\t\t\t\t<li class=\"elementor-icon-list-item\">\n\t\t\t\t\t\t\t\t\t\t\t<span class=\"elementor-icon-list-icon\">\n\t\t\t\t\t\t\t<i aria-hidden=\"true\" class=\"fas fa-envelope\"><\/i>\t\t\t\t\t\t<\/span>\n\t\t\t\t\t\t\t\t\t\t<span class=\"elementor-icon-list-text\"><b>info@rugbymajadahonda.com<\/b><\/span>\n\t\t\t\t\t\t\t\t\t<\/li>\n\t\t\t\t\t\t<\/ul>\n\t\t\t\t<\/div>\n\t\t\t\t<\/div>\n\t\t\t\t<div class=\"elementor-element elementor-element-3379e76 elementor-widget elementor-widget-google_maps\" data-id=\"3379e76\" data-element_type=\"widget\" data-widget_type=\"google_maps.default\">\n\t\t\t\t<div class=\"elementor-widget-container\">\n\t\t\t\t\t<div class=\"elementor-custom-embed\">\n\t\t\t<iframe loading=\"lazy\"\n\t\t\t\t\tsrc=\"https:\/\/maps.google.com\/maps?q=Rugby%20Majadahonda&#038;t=m&#038;z=10&#038;output=embed&#038;iwloc=near\"\n\t\t\t\t\ttitle=\"Rugby Majadahonda\"\n\t\t\t\t\taria-label=\"Rugby Majadahonda\"\n\t\t\t><\/iframe>\n\t\t<\/div>\n\t\t\t\t<\/div>\n\t\t\t\t<\/div>\n\t\t\t\t\t<\/div>\n\t\t<\/div>\n\t\t\t\t\t\t\t<\/div>\n\t\t<\/section>\n\t\t\t\t\t\t\t<\/div>\n\t\t","protected":false},"excerpt":{"rendered":"<p>VEN A CONOCERNOS Horario Oficina: martes y jueves de 17:30 a 20:00 h,\u00a0 con cita previa, en el campo de rugby.\u00a0 CAMPO DE RUGBY VALLE DEL ARCIPRESTE Facebook Twitter Instagram Avenida Guadarrama 21, 28220 Majadahonda, Madrid info@rugbymajadahonda.com<\/p>\n","protected":false},"author":1,"featured_media":0,"parent":0,"menu_order":0,"comment_status":"closed","ping_status":"closed","template":"","meta":{"cybocfi_hide_featured_image":"","footnotes":""},"class_list":["post-1830","page","type-page","status-publish","hentry"],"jetpack-related-posts":[{"id":137,"url":"https:\/\/rugbymajadahonda.com\/web\/unete-a-nosotros\/jugadores-2-2\/","url_meta":{"origin":1830,"position":0},"title":"Jugadores-2","author":"admin","date":"25 julio, 2017","format":false,"excerpt":"AC\u00c9RCATE Y JUEGA CON NOSOTROS\u00a0Si por algo nos gusta caracterizarnos en el. rugby es por dar cabida a todo el mundo. Da igual si eres alto o bajo, fuerte o delgado, r\u00e1pido o lento. No nos importa si has jugado antes o no has hecho nunca deporte.Si deseas empezar en\u2026","rel":"","context":"Entrada similar","block_context":{"text":"Entrada similar","link":""},"img":{"alt_text":"","src":"https:\/\/i0.wp.com\/rugbymajadahonda.com\/web\/wp-content\/uploads\/2021\/02\/LOGO-RUGBY-MAJADAHONDA-bicolor-300x68.png?resize=350%2C200&ssl=1","width":350,"height":200},"classes":[]},{"id":10939,"url":"https:\/\/rugbymajadahonda.com\/web\/unete-a-nosotros\/jugadores\/","url_meta":{"origin":1830,"position":1},"title":"Jugadores","author":"admin","date":"30 agosto, 2023","format":false,"excerpt":"AC\u00c9RCATE Y JUEGA CON NOSOTROS\u00a0Si por algo nos gusta caracterizarnos en el. rugby es por dar cabida a todo el mundo. Da igual si eres alto o bajo, fuerte o delgado, r\u00e1pido o lento. No nos importa si has jugado antes o no has hecho nunca deporte.Si deseas empezar en\u2026","rel":"","context":"Entrada similar","block_context":{"text":"Entrada similar","link":""},"img":{"alt_text":"","src":"https:\/\/i0.wp.com\/rugbymajadahonda.com\/web\/wp-content\/uploads\/2021\/02\/LOGO-RUGBY-MAJADAHONDA-bicolor-300x68.png?resize=350%2C200&ssl=1","width":350,"height":200},"classes":[]},{"id":10473,"url":"https:\/\/rugbymajadahonda.com\/web\/rsc-rugby-majadahonda\/","url_meta":{"origin":1830,"position":2},"title":"El motor que nos mueve","author":"admin","date":"9 abril, 2023","format":false,"excerpt":"EL MOTOR QUE NOS MUEVE EDUCACI\u00d3N EN EL DEPORTE MEDIO AMBIENTE IGUALDAD Y REDUCCI\u00d3N DE DESIGUALDADES SALUD Y BIENESTAR ALIANZA PARA LOGRAR LOS OBJETIVOS EDUCACI\u00d3N EN EL DEPORTE En el Club de Rugby Majadahonda trabajamos para conseguir la mejor versi\u00f3n de los ni\u00f1os y ni\u00f1as de nuestra escuela, no solo\u2026","rel":"","context":"Entrada similar","block_context":{"text":"Entrada similar","link":""},"img":{"alt_text":"","src":"https:\/\/i0.wp.com\/rugbymajadahonda.com\/web\/wp-content\/uploads\/2021\/02\/LOGO-RUGBY-MAJADAHONDA-bicolor-300x68.png?resize=350%2C200&ssl=1","width":350,"height":200},"classes":[]},{"id":24,"url":"https:\/\/rugbymajadahonda.com\/web\/club\/historia\/","url_meta":{"origin":1830,"position":3},"title":"Historia","author":"admin","date":"25 julio, 2017","format":false,"excerpt":"HISTORIA Los inicios Todo comenz\u00f3 con un grupo de amigos que se reun\u00edan para jugar al rugby en el c\u00e9sped de una\u00a0urbanizaci\u00f3n majariega, Las Huertas. Alberto Pellicer \u201cPelli\u201d, Fernando Eulate. Javier Tortol \u201cTito\u201d y Gifu\u00a0formaron el embri\u00f3n del club.Aunque en un principio jugaron con camisetas prestadas, consiguieron gracias al mecenazgo\u2026","rel":"","context":"Entrada similar","block_context":{"text":"Entrada similar","link":""},"img":{"alt_text":"","src":"https:\/\/i0.wp.com\/rugbymajadahonda.com\/web\/wp-content\/uploads\/2022\/08\/IMG_8222-scaled.jpg?resize=350%2C200&ssl=1","width":350,"height":200,"srcset":"https:\/\/i0.wp.com\/rugbymajadahonda.com\/web\/wp-content\/uploads\/2022\/08\/IMG_8222-scaled.jpg?resize=350%2C200&ssl=1 1x, https:\/\/i0.wp.com\/rugbymajadahonda.com\/web\/wp-content\/uploads\/2022\/08\/IMG_8222-scaled.jpg?resize=525%2C300&ssl=1 1.5x, https:\/\/i0.wp.com\/rugbymajadahonda.com\/web\/wp-content\/uploads\/2022\/08\/IMG_8222-scaled.jpg?resize=700%2C400&ssl=1 2x, https:\/\/i0.wp.com\/rugbymajadahonda.com\/web\/wp-content\/uploads\/2022\/08\/IMG_8222-scaled.jpg?resize=1050%2C600&ssl=1 3x, https:\/\/i0.wp.com\/rugbymajadahonda.com\/web\/wp-content\/uploads\/2022\/08\/IMG_8222-scaled.jpg?resize=1400%2C800&ssl=1 4x"},"classes":[]},{"id":9792,"url":"https:\/\/rugbymajadahonda.com\/web\/galerias\/","url_meta":{"origin":1830,"position":4},"title":"Galer\u00edas","author":"admin","date":"31 octubre, 2022","format":false,"excerpt":"TEMPORADA 2022\/2023 SENIOR FEMENINO Ol\u00edmpico de Pozuelo 17 - 33 Rugby MajadahondaFotograf\u00edas de Noah Alirangues para ToqueFem Ol\u00edmpico de Pozuelo 17 - 33 Rugby MajadahondaFotograf\u00edas de Domingo Torres Veterinaria - San Isidro vs Rugby MajadahondaFotograf\u00edas de Paula H. de Lucas para Rugby Majadahonda Rugby Majadahonda vs Crealia El SalvadorFotograf\u00edas de\u2026","rel":"","context":"Entrada similar","block_context":{"text":"Entrada similar","link":""},"img":{"alt_text":"","src":"","width":0,"height":0},"classes":[]},{"id":42,"url":"https:\/\/rugbymajadahonda.com\/web\/equipos\/senior-femenino\/liga-iberdrola-de-rugby\/","url_meta":{"origin":1830,"position":5},"title":"Liga iberdrola","author":"admin","date":"25 julio, 2017","format":false,"excerpt":"TEMPORADA 2020\/2021 CLASIFICACI\u00d3N CALENDARIO","rel":"","context":"Entrada similar","block_context":{"text":"Entrada similar","link":""},"img":{"alt_text":"","src":"https:\/\/i0.wp.com\/rugbymajadahonda.com\/web\/wp-content\/uploads\/2017\/10\/LOGO_RUGBY_REDONDO_COLOR_-01-150x150.png?resize=350%2C200","width":350,"height":200},"classes":[]}],"jetpack_sharing_enabled":true,"_links":{"self":[{"href":"https:\/\/rugbymajadahonda.com\/web\/wp-json\/wp\/v2\/pages\/1830","targetHints":{"allow":["GET"]}}],"collection":[{"href":"https:\/\/rugbymajadahonda.com\/web\/wp-json\/wp\/v2\/pages"}],"about":[{"href":"https:\/\/rugbymajadahonda.com\/web\/wp-json\/wp\/v2\/types\/page"}],"author":[{"embeddable":true,"href":"https:\/\/rugbymajadahonda.com\/web\/wp-json\/wp\/v2\/users\/1"}],"replies":[{"embeddable":true,"href":"https:\/\/rugbymajadahonda.com\/web\/wp-json\/wp\/v2\/comments?post=1830"}],"version-history":[{"count":12,"href":"https:\/\/rugbymajadahonda.com\/web\/wp-json\/wp\/v2\/pages\/1830\/revisions"}],"predecessor-version":[{"id":10854,"href":"https:\/\/rugbymajadahonda.com\/web\/wp-json\/wp\/v2\/pages\/1830\/revisions\/10854"}],"wp:attachment":[{"href":"https:\/\/rugbymajadahonda.com\/web\/wp-json\/wp\/v2\/media?parent=1830"}],"curies":[{"name":"wp","href":"https:\/\/api.w.org\/{rel}","templated":true}]}}