{"id":32,"date":"2017-07-25T14:19:26","date_gmt":"2017-07-25T14:19:26","guid":{"rendered":"http:\/\/rugbymajadahonda.com\/web\/?page_id=32"},"modified":"2023-10-17T14:32:40","modified_gmt":"2023-10-17T14:32:40","slug":"senior-femenino","status":"publish","type":"page","link":"https:\/\/rugbymajadahonda.com\/web\/equipos\/senior-femenino\/","title":{"rendered":"Senior Femenino"},"content":{"rendered":"\t\t<div data-elementor-type=\"wp-post\" data-elementor-id=\"32\" class=\"elementor elementor-32\">\n\t\t\t\t\t\t\t\t\t<section class=\"elementor-section elementor-top-section elementor-element elementor-element-1b9818b elementor-section-full_width elementor-section-stretched elementor-section-height-default elementor-section-height-default\" data-id=\"1b9818b\" data-element_type=\"section\" data-settings=\"{&quot;stretch_section&quot;:&quot;section-stretched&quot;}\">\n\t\t\t\t\t\t<div class=\"elementor-container elementor-column-gap-no\">\n\t\t\t\t\t<div class=\"elementor-column elementor-col-100 elementor-top-column elementor-element elementor-element-e13f1d6\" data-id=\"e13f1d6\" data-element_type=\"column\">\n\t\t\t<div class=\"elementor-widget-wrap elementor-element-populated\">\n\t\t\t\t\t\t\t\t<div class=\"elementor-element elementor-element-152e27d elementor-tabs-view-horizontal elementor-widget elementor-widget-tabs\" data-id=\"152e27d\" data-element_type=\"widget\" data-widget_type=\"tabs.default\">\n\t\t\t\t<div class=\"elementor-widget-container\">\n\t\t\t\t\t<div class=\"elementor-tabs\">\n\t\t\t<div class=\"elementor-tabs-wrapper\" role=\"tablist\" >\n\t\t\t\t\t\t\t\t\t<div id=\"elementor-tab-title-2221\" class=\"elementor-tab-title elementor-tab-desktop-title\" aria-selected=\"true\" data-tab=\"1\" role=\"tab\" tabindex=\"0\" aria-controls=\"elementor-tab-content-2221\" aria-expanded=\"false\">Copa RFER<\/div>\n\t\t\t\t\t\t\t\t\t<div id=\"elementor-tab-title-2222\" class=\"elementor-tab-title elementor-tab-desktop-title\" aria-selected=\"false\" data-tab=\"2\" role=\"tab\" tabindex=\"-1\" aria-controls=\"elementor-tab-content-2222\" aria-expanded=\"false\">Liga Iberdrola<\/div>\n\t\t\t\t\t\t\t\t\t<div id=\"elementor-tab-title-2223\" class=\"elementor-tab-title elementor-tab-desktop-title\" aria-selected=\"false\" data-tab=\"3\" role=\"tab\" tabindex=\"-1\" aria-controls=\"elementor-tab-content-2223\" aria-expanded=\"false\">Primera Regional<\/div>\n\t\t\t\t\t\t\t<\/div>\n\t\t\t<div class=\"elementor-tabs-content-wrapper\" role=\"tablist\" aria-orientation=\"vertical\">\n\t\t\t\t\t\t\t\t\t<div class=\"elementor-tab-title elementor-tab-mobile-title\" aria-selected=\"true\" data-tab=\"1\" role=\"tab\" tabindex=\"0\" aria-controls=\"elementor-tab-content-2221\" aria-expanded=\"false\">Copa RFER<\/div>\n\t\t\t\t\t<div id=\"elementor-tab-content-2221\" class=\"elementor-tab-content elementor-clearfix\" data-tab=\"1\" role=\"tabpanel\" aria-labelledby=\"elementor-tab-title-2221\" tabindex=\"0\" hidden=\"false\"><iframe style=\"width: full; height: 342.41px;\" src=\"https:\/\/resultadosrugby.isquad.es\/calendario.php?seleccion=0&#038;id=39&#038;id_ambito=0\" name=\"centro\" frameborder=\"0\" scrolling=\"yes\" data-aspectratio=\"1\" data-origwidth=\"1000\"><\/iframe><\/div>\n\t\t\t\t\t\t\t\t\t<div class=\"elementor-tab-title elementor-tab-mobile-title\" aria-selected=\"false\" data-tab=\"2\" role=\"tab\" tabindex=\"-1\" aria-controls=\"elementor-tab-content-2222\" aria-expanded=\"false\">Liga Iberdrola<\/div>\n\t\t\t\t\t<div id=\"elementor-tab-content-2222\" class=\"elementor-tab-content elementor-clearfix\" data-tab=\"2\" role=\"tabpanel\" aria-labelledby=\"elementor-tab-title-2222\" tabindex=\"0\" hidden=\"hidden\"><iframe style=\"width: full; height: 342.41px;\" src=\"https:\/\/resultadosrugby.isquad.es\/calendario.php?seleccion=0&#038;id=39&#038;id_ambito=0\" name=\"centro\" frameborder=\"0\" scrolling=\"yes\" data-aspectratio=\"1\" data-origwidth=\"1000\"><\/iframe><\/div>\n\t\t\t\t\t\t\t\t\t<div class=\"elementor-tab-title elementor-tab-mobile-title\" aria-selected=\"false\" data-tab=\"3\" role=\"tab\" tabindex=\"-1\" aria-controls=\"elementor-tab-content-2223\" aria-expanded=\"false\">Primera Regional<\/div>\n\t\t\t\t\t<div id=\"elementor-tab-content-2223\" class=\"elementor-tab-content elementor-clearfix\" data-tab=\"3\" role=\"tabpanel\" aria-labelledby=\"elementor-tab-title-2223\" tabindex=\"0\" hidden=\"hidden\"><iframe src=\"https:\/\/rugbymadrid.matchready.es\/es\/public\/calendar\/44\/60\/combined\/\" width=\"100%\" height=\"500\" scrolling=\"yes\" class=\"iframe-class\" frameborder=\"0\"><\/iframe><\/div>\n\t\t\t\t\t\t\t<\/div>\n\t\t<\/div>\n\t\t\t\t<\/div>\n\t\t\t\t<\/div>\n\t\t\t\t\t<\/div>\n\t\t<\/div>\n\t\t\t\t\t\t\t<\/div>\n\t\t<\/section>\n\t\t\t\t<section class=\"elementor-section elementor-top-section elementor-element elementor-element-285a329 elementor-section-boxed elementor-section-height-default elementor-section-height-default\" data-id=\"285a329\" data-element_type=\"section\">\n\t\t\t\t\t\t<div class=\"elementor-container elementor-column-gap-default\">\n\t\t\t\t\t<div class=\"elementor-column elementor-col-100 elementor-top-column elementor-element elementor-element-72033c5\" data-id=\"72033c5\" data-element_type=\"column\">\n\t\t\t<div class=\"elementor-widget-wrap elementor-element-populated\">\n\t\t\t\t\t\t\t\t<div class=\"elementor-element elementor-element-1ab65f0 elementor-widget elementor-widget-spacer\" data-id=\"1ab65f0\" data-element_type=\"widget\" data-widget_type=\"spacer.default\">\n\t\t\t\t<div class=\"elementor-widget-container\">\n\t\t\t\t\t<div class=\"elementor-spacer\">\n\t\t\t<div class=\"elementor-spacer-inner\"><\/div>\n\t\t<\/div>\n\t\t\t\t<\/div>\n\t\t\t\t<\/div>\n\t\t\t\t<div class=\"elementor-element elementor-element-21dbd9b elementor-widget elementor-widget-image\" data-id=\"21dbd9b\" data-element_type=\"widget\" data-widget_type=\"image.default\">\n\t\t\t\t<div class=\"elementor-widget-container\">\n\t\t\t\t\t\t\t\t\t\t\t\t\t\t\t\t<a href=\"http:\/\/rugbymajadahonda.com\">\n\t\t\t\t\t\t\t<img decoding=\"async\" width=\"300\" height=\"68\" src=\"https:\/\/rugbymajadahonda.com\/web\/wp-content\/uploads\/2021\/02\/LOGO-RUGBY-MAJADAHONDA-bicolor-300x68.png\" class=\"attachment-medium size-medium wp-image-4335\" alt=\"\" srcset=\"https:\/\/rugbymajadahonda.com\/web\/wp-content\/uploads\/2021\/02\/LOGO-RUGBY-MAJADAHONDA-bicolor-300x68.png 300w, https:\/\/rugbymajadahonda.com\/web\/wp-content\/uploads\/2021\/02\/LOGO-RUGBY-MAJADAHONDA-bicolor-1500x342.png 1500w, https:\/\/rugbymajadahonda.com\/web\/wp-content\/uploads\/2021\/02\/LOGO-RUGBY-MAJADAHONDA-bicolor-768x175.png 768w, https:\/\/rugbymajadahonda.com\/web\/wp-content\/uploads\/2021\/02\/LOGO-RUGBY-MAJADAHONDA-bicolor-1024x234.png 1024w, https:\/\/rugbymajadahonda.com\/web\/wp-content\/uploads\/2021\/02\/LOGO-RUGBY-MAJADAHONDA-bicolor-1536x350.png 1536w, https:\/\/rugbymajadahonda.com\/web\/wp-content\/uploads\/2021\/02\/LOGO-RUGBY-MAJADAHONDA-bicolor-600x137.png 600w, https:\/\/rugbymajadahonda.com\/web\/wp-content\/uploads\/2021\/02\/LOGO-RUGBY-MAJADAHONDA-bicolor.png 1911w\" sizes=\"(max-width: 300px) 100vw, 300px\" \/>\t\t\t\t\t\t\t\t<\/a>\n\t\t\t\t\t\t\t\t\t\t\t\t\t\t\t<\/div>\n\t\t\t\t<\/div>\n\t\t\t\t\t<\/div>\n\t\t<\/div>\n\t\t\t\t\t\t\t<\/div>\n\t\t<\/section>\n\t\t\t\t\t\t\t<\/div>\n\t\t","protected":false},"excerpt":{"rendered":"<p>Copa RFER Liga Iberdrola Primera Regional Copa RFER Liga Iberdrola Primera Regional<\/p>\n","protected":false},"author":1,"featured_media":0,"parent":30,"menu_order":0,"comment_status":"closed","ping_status":"closed","template":"template-parts\/template-full-width.php","meta":{"cybocfi_hide_featured_image":"","footnotes":""},"class_list":["post-32","page","type-page","status-publish","hentry"],"jetpack-related-posts":[{"id":28,"url":"https:\/\/rugbymajadahonda.com\/web\/club\/palmares\/","url_meta":{"origin":32,"position":0},"title":"Palmar\u00e9s","author":"admin","date":"25 julio, 2017","format":false,"excerpt":"Senior Femenino Campeonato de Espa\u00f1a 1993 y 1994 Campeonato de Espa\u00f1a 1995 y 1997 Copa de la Reina XV 1998, 1999 y 2000 Divisi\u00f3n de Honor Femenina 2023 Divisi\u00f3n de Honor Femenina 2016 y 2018, 2021 y 2022 Divisi\u00f3n de Honor Femenina 2011, 2017, 2019 y 2020 Seven Nacional. GPS\u2026","rel":"","context":"Entrada similar","block_context":{"text":"Entrada similar","link":""},"img":{"alt_text":"","src":"https:\/\/i0.wp.com\/rugbymajadahonda.com\/web\/wp-content\/uploads\/2021\/02\/LOGO-RUGBY-MAJADAHONDA-bicolor-300x68.png?resize=350%2C200&ssl=1","width":350,"height":200},"classes":[]},{"id":42,"url":"https:\/\/rugbymajadahonda.com\/web\/equipos\/senior-femenino\/liga-iberdrola-de-rugby\/","url_meta":{"origin":32,"position":1},"title":"Liga iberdrola","author":"admin","date":"25 julio, 2017","format":false,"excerpt":"TEMPORADA 2020\/2021 CLASIFICACI\u00d3N CALENDARIO","rel":"","context":"Entrada similar","block_context":{"text":"Entrada similar","link":""},"img":{"alt_text":"","src":"https:\/\/i0.wp.com\/rugbymajadahonda.com\/web\/wp-content\/uploads\/2017\/10\/LOGO_RUGBY_REDONDO_COLOR_-01-150x150.png?resize=350%2C200","width":350,"height":200},"classes":[]},{"id":24,"url":"https:\/\/rugbymajadahonda.com\/web\/club\/historia\/","url_meta":{"origin":32,"position":2},"title":"Historia","author":"admin","date":"25 julio, 2017","format":false,"excerpt":"HISTORIA Los inicios Todo comenz\u00f3 con un grupo de amigos que se reun\u00edan para jugar al rugby en el c\u00e9sped de una\u00a0urbanizaci\u00f3n majariega, Las Huertas. Alberto Pellicer \u201cPelli\u201d, Fernando Eulate. Javier Tortol \u201cTito\u201d y Gifu\u00a0formaron el embri\u00f3n del club.Aunque en un principio jugaron con camisetas prestadas, consiguieron gracias al mecenazgo\u2026","rel":"","context":"Entrada similar","block_context":{"text":"Entrada similar","link":""},"img":{"alt_text":"","src":"https:\/\/i0.wp.com\/rugbymajadahonda.com\/web\/wp-content\/uploads\/2022\/08\/IMG_8222-scaled.jpg?resize=350%2C200&ssl=1","width":350,"height":200,"srcset":"https:\/\/i0.wp.com\/rugbymajadahonda.com\/web\/wp-content\/uploads\/2022\/08\/IMG_8222-scaled.jpg?resize=350%2C200&ssl=1 1x, https:\/\/i0.wp.com\/rugbymajadahonda.com\/web\/wp-content\/uploads\/2022\/08\/IMG_8222-scaled.jpg?resize=525%2C300&ssl=1 1.5x, https:\/\/i0.wp.com\/rugbymajadahonda.com\/web\/wp-content\/uploads\/2022\/08\/IMG_8222-scaled.jpg?resize=700%2C400&ssl=1 2x, https:\/\/i0.wp.com\/rugbymajadahonda.com\/web\/wp-content\/uploads\/2022\/08\/IMG_8222-scaled.jpg?resize=1050%2C600&ssl=1 3x, https:\/\/i0.wp.com\/rugbymajadahonda.com\/web\/wp-content\/uploads\/2022\/08\/IMG_8222-scaled.jpg?resize=1400%2C800&ssl=1 4x"},"classes":[]},{"id":1776,"url":"https:\/\/rugbymajadahonda.com\/web\/equipos\/senior-masculino\/","url_meta":{"origin":32,"position":3},"title":"Senior Masculino","author":"admin","date":"11 abril, 2019","format":false,"excerpt":"Divisi\u00f3n de Honor B Segunda Regional Grupo A Divisi\u00f3n de Honor B Segunda Regional Grupo A","rel":"","context":"Entrada similar","block_context":{"text":"Entrada similar","link":""},"img":{"alt_text":"","src":"https:\/\/i0.wp.com\/rugbymajadahonda.com\/web\/wp-content\/uploads\/2021\/02\/LOGO-RUGBY-MAJADAHONDA-bicolor-300x68.png?resize=350%2C200&ssl=1","width":350,"height":200},"classes":[]},{"id":30,"url":"https:\/\/rugbymajadahonda.com\/web\/equipos\/","url_meta":{"origin":32,"position":4},"title":"EQUIPOS","author":"admin","date":"25 julio, 2017","format":false,"excerpt":"Senior Femenino Senior Masculino S18 S17 Femenino","rel":"","context":"Entrada similar","block_context":{"text":"Entrada similar","link":""},"img":{"alt_text":"","src":"https:\/\/i0.wp.com\/rugbymajadahonda.com\/web\/wp-content\/uploads\/2022\/09\/P5077916-scaled-e1662031029956.jpg?resize=350%2C200&ssl=1","width":350,"height":200,"srcset":"https:\/\/i0.wp.com\/rugbymajadahonda.com\/web\/wp-content\/uploads\/2022\/09\/P5077916-scaled-e1662031029956.jpg?resize=350%2C200&ssl=1 1x, https:\/\/i0.wp.com\/rugbymajadahonda.com\/web\/wp-content\/uploads\/2022\/09\/P5077916-scaled-e1662031029956.jpg?resize=525%2C300&ssl=1 1.5x, https:\/\/i0.wp.com\/rugbymajadahonda.com\/web\/wp-content\/uploads\/2022\/09\/P5077916-scaled-e1662031029956.jpg?resize=700%2C400&ssl=1 2x, https:\/\/i0.wp.com\/rugbymajadahonda.com\/web\/wp-content\/uploads\/2022\/09\/P5077916-scaled-e1662031029956.jpg?resize=1050%2C600&ssl=1 3x, https:\/\/i0.wp.com\/rugbymajadahonda.com\/web\/wp-content\/uploads\/2022\/09\/P5077916-scaled-e1662031029956.jpg?resize=1400%2C800&ssl=1 4x"},"classes":[]},{"id":10473,"url":"https:\/\/rugbymajadahonda.com\/web\/rsc-rugby-majadahonda\/","url_meta":{"origin":32,"position":5},"title":"El motor que nos mueve","author":"admin","date":"9 abril, 2023","format":false,"excerpt":"EL MOTOR QUE NOS MUEVE EDUCACI\u00d3N EN EL DEPORTE MEDIO AMBIENTE IGUALDAD Y REDUCCI\u00d3N DE DESIGUALDADES SALUD Y BIENESTAR ALIANZA PARA LOGRAR LOS OBJETIVOS EDUCACI\u00d3N EN EL DEPORTE En el Club de Rugby Majadahonda trabajamos para conseguir la mejor versi\u00f3n de los ni\u00f1os y ni\u00f1as de nuestra escuela, no solo\u2026","rel":"","context":"Entrada similar","block_context":{"text":"Entrada similar","link":""},"img":{"alt_text":"","src":"https:\/\/i0.wp.com\/rugbymajadahonda.com\/web\/wp-content\/uploads\/2021\/02\/LOGO-RUGBY-MAJADAHONDA-bicolor-300x68.png?resize=350%2C200&ssl=1","width":350,"height":200},"classes":[]}],"jetpack_sharing_enabled":true,"_links":{"self":[{"href":"https:\/\/rugbymajadahonda.com\/web\/wp-json\/wp\/v2\/pages\/32","targetHints":{"allow":["GET"]}}],"collection":[{"href":"https:\/\/rugbymajadahonda.com\/web\/wp-json\/wp\/v2\/pages"}],"about":[{"href":"https:\/\/rugbymajadahonda.com\/web\/wp-json\/wp\/v2\/types\/page"}],"author":[{"embeddable":true,"href":"https:\/\/rugbymajadahonda.com\/web\/wp-json\/wp\/v2\/users\/1"}],"replies":[{"embeddable":true,"href":"https:\/\/rugbymajadahonda.com\/web\/wp-json\/wp\/v2\/comments?post=32"}],"version-history":[{"count":146,"href":"https:\/\/rugbymajadahonda.com\/web\/wp-json\/wp\/v2\/pages\/32\/revisions"}],"predecessor-version":[{"id":11099,"href":"https:\/\/rugbymajadahonda.com\/web\/wp-json\/wp\/v2\/pages\/32\/revisions\/11099"}],"up":[{"embeddable":true,"href":"https:\/\/rugbymajadahonda.com\/web\/wp-json\/wp\/v2\/pages\/30"}],"wp:attachment":[{"href":"https:\/\/rugbymajadahonda.com\/web\/wp-json\/wp\/v2\/media?parent=32"}],"curies":[{"name":"wp","href":"https:\/\/api.w.org\/{rel}","templated":true}]}}