{"id":7045,"date":"2021-11-25T12:09:19","date_gmt":"2021-11-25T12:09:19","guid":{"rendered":"https:\/\/rugbymajadahonda.com\/web\/?page_id=7045"},"modified":"2022-09-01T11:39:50","modified_gmt":"2022-09-01T11:39:50","slug":"s17fem","status":"publish","type":"page","link":"https:\/\/rugbymajadahonda.com\/web\/equipos\/academia\/s17fem\/","title":{"rendered":"S17 Femenino"},"content":{"rendered":"\t\t<div data-elementor-type=\"wp-page\" data-elementor-id=\"7045\" class=\"elementor elementor-7045\">\n\t\t\t\t\t\t\t\t\t<section class=\"elementor-section elementor-top-section elementor-element elementor-element-34fe3b7 elementor-section-boxed elementor-section-height-default elementor-section-height-default\" data-id=\"34fe3b7\" data-element_type=\"section\">\n\t\t\t\t\t\t<div class=\"elementor-container elementor-column-gap-default\">\n\t\t\t\t\t<div class=\"elementor-column elementor-col-100 elementor-top-column elementor-element elementor-element-d75bdec\" data-id=\"d75bdec\" data-element_type=\"column\">\n\t\t\t<div class=\"elementor-widget-wrap elementor-element-populated\">\n\t\t\t\t\t\t\t\t<div class=\"elementor-element elementor-element-ae38329 elementor-widget elementor-widget-image\" data-id=\"ae38329\" data-element_type=\"widget\" data-widget_type=\"image.default\">\n\t\t\t\t<div class=\"elementor-widget-container\">\n\t\t\t\t\t\t\t\t\t\t\t\t\t\t\t<img fetchpriority=\"high\" decoding=\"async\" width=\"768\" height=\"576\" src=\"https:\/\/rugbymajadahonda.com\/web\/wp-content\/uploads\/2021\/11\/indice-1-768x576.jpg\" class=\"attachment-medium_large size-medium_large wp-image-7019\" alt=\"\" srcset=\"https:\/\/rugbymajadahonda.com\/web\/wp-content\/uploads\/2021\/11\/indice-1-768x576.jpg 768w, https:\/\/rugbymajadahonda.com\/web\/wp-content\/uploads\/2021\/11\/indice-1-1500x1125.jpg 1500w, https:\/\/rugbymajadahonda.com\/web\/wp-content\/uploads\/2021\/11\/indice-1-300x225.jpg 300w, https:\/\/rugbymajadahonda.com\/web\/wp-content\/uploads\/2021\/11\/indice-1-1024x768.jpg 1024w, https:\/\/rugbymajadahonda.com\/web\/wp-content\/uploads\/2021\/11\/indice-1-1536x1152.jpg 1536w, https:\/\/rugbymajadahonda.com\/web\/wp-content\/uploads\/2021\/11\/indice-1-1933x1450.jpg 1933w, https:\/\/rugbymajadahonda.com\/web\/wp-content\/uploads\/2021\/11\/indice-1-600x450.jpg 600w, https:\/\/rugbymajadahonda.com\/web\/wp-content\/uploads\/2021\/11\/indice-1.jpg 2048w\" sizes=\"(max-width: 768px) 100vw, 768px\" \/>\t\t\t\t\t\t\t\t\t\t\t\t\t\t\t<\/div>\n\t\t\t\t<\/div>\n\t\t\t\t<div class=\"elementor-element elementor-element-f557918 elementor-widget elementor-widget-text-editor\" data-id=\"f557918\" data-element_type=\"widget\" data-widget_type=\"text-editor.default\">\n\t\t\t\t<div class=\"elementor-widget-container\">\n\t\t\t\t\t\t\t<p style=\"text-align: center;\"><a style=\"letter-spacing: 0em;\" href=\"https:\/\/drive.google.com\/file\/d\/1GzCzjkw3AieTqs2_srJeB9QVr_UU9eyO\/view?usp=sharing\" target=\"_blank\" rel=\"noopener\"><strong>Cr\u00f3nica<\/strong> 2\u00aa Jornada 21-09-2021<\/a><\/p><p style=\"text-align: center;\"><a style=\"letter-spacing: 0em; font-family: var( --e-global-typography-text-font-family ), Sans-serif; font-weight: var( --e-global-typography-text-font-weight ); font-size: 15px;\" href=\"https:\/\/drive.google.com\/file\/d\/12nbNYoseTPRwYwTBkrhdw3QkLgidqhBr\/view?usp=sharing\" target=\"_blank\" rel=\"noopener\"><strong>Cronica<\/strong> 1\u00aaJornada 07-Noviembre 2021<\/a><\/p><h6 style=\"text-align: center;\"><br \/><a href=\"https:\/\/drive.google.com\/file\/d\/1H6fekblCE1vNbj7sq805TzhMmbmEbnAI\/view?usp=sharing\">Plantilla<\/a><\/h6>\t\t\t\t\t\t<\/div>\n\t\t\t\t<\/div>\n\t\t\t\t\t<\/div>\n\t\t<\/div>\n\t\t\t\t\t\t\t<\/div>\n\t\t<\/section>\n\t\t\t\t<section class=\"elementor-section elementor-top-section elementor-element elementor-element-bcc9205 elementor-section-boxed elementor-section-height-default elementor-section-height-default\" data-id=\"bcc9205\" data-element_type=\"section\">\n\t\t\t\t\t\t<div class=\"elementor-container elementor-column-gap-default\">\n\t\t\t\t\t<div class=\"elementor-column elementor-col-100 elementor-top-column elementor-element elementor-element-4ebbc2e\" data-id=\"4ebbc2e\" data-element_type=\"column\">\n\t\t\t<div class=\"elementor-widget-wrap elementor-element-populated\">\n\t\t\t\t\t\t\t\t<div class=\"elementor-element elementor-element-44cc235 elementor-widget elementor-widget-spacer\" data-id=\"44cc235\" data-element_type=\"widget\" data-widget_type=\"spacer.default\">\n\t\t\t\t<div class=\"elementor-widget-container\">\n\t\t\t\t\t<div class=\"elementor-spacer\">\n\t\t\t<div class=\"elementor-spacer-inner\"><\/div>\n\t\t<\/div>\n\t\t\t\t<\/div>\n\t\t\t\t<\/div>\n\t\t\t\t<div class=\"elementor-element elementor-element-af7f6fd elementor-widget elementor-widget-image\" data-id=\"af7f6fd\" data-element_type=\"widget\" data-widget_type=\"image.default\">\n\t\t\t\t<div class=\"elementor-widget-container\">\n\t\t\t\t\t\t\t\t\t\t\t\t\t\t\t\t<a href=\"http:\/\/rugbymajadahonda.com\">\n\t\t\t\t\t\t\t<img decoding=\"async\" width=\"300\" height=\"68\" src=\"https:\/\/rugbymajadahonda.com\/web\/wp-content\/uploads\/2021\/02\/LOGO-RUGBY-MAJADAHONDA-bicolor-300x68.png\" class=\"attachment-medium size-medium wp-image-4335\" alt=\"\" srcset=\"https:\/\/rugbymajadahonda.com\/web\/wp-content\/uploads\/2021\/02\/LOGO-RUGBY-MAJADAHONDA-bicolor-300x68.png 300w, https:\/\/rugbymajadahonda.com\/web\/wp-content\/uploads\/2021\/02\/LOGO-RUGBY-MAJADAHONDA-bicolor-1500x342.png 1500w, https:\/\/rugbymajadahonda.com\/web\/wp-content\/uploads\/2021\/02\/LOGO-RUGBY-MAJADAHONDA-bicolor-768x175.png 768w, https:\/\/rugbymajadahonda.com\/web\/wp-content\/uploads\/2021\/02\/LOGO-RUGBY-MAJADAHONDA-bicolor-1024x234.png 1024w, https:\/\/rugbymajadahonda.com\/web\/wp-content\/uploads\/2021\/02\/LOGO-RUGBY-MAJADAHONDA-bicolor-1536x350.png 1536w, https:\/\/rugbymajadahonda.com\/web\/wp-content\/uploads\/2021\/02\/LOGO-RUGBY-MAJADAHONDA-bicolor-600x137.png 600w, https:\/\/rugbymajadahonda.com\/web\/wp-content\/uploads\/2021\/02\/LOGO-RUGBY-MAJADAHONDA-bicolor.png 1911w\" sizes=\"(max-width: 300px) 100vw, 300px\" \/>\t\t\t\t\t\t\t\t<\/a>\n\t\t\t\t\t\t\t\t\t\t\t\t\t\t\t<\/div>\n\t\t\t\t<\/div>\n\t\t\t\t\t<\/div>\n\t\t<\/div>\n\t\t\t\t\t\t\t<\/div>\n\t\t<\/section>\n\t\t\t\t\t\t\t<\/div>\n\t\t","protected":false},"excerpt":{"rendered":"<p>Cr\u00f3nica 2\u00aa Jornada 21-09-2021 Cronica 1\u00aaJornada 07-Noviembre 2021 Plantilla<\/p>\n","protected":false},"author":1,"featured_media":0,"parent":9254,"menu_order":2,"comment_status":"closed","ping_status":"closed","template":"template-parts\/template-full-width.php","meta":{"cybocfi_hide_featured_image":"","footnotes":""},"class_list":["post-7045","page","type-page","status-publish","hentry"],"jetpack-related-posts":[{"id":30,"url":"https:\/\/rugbymajadahonda.com\/web\/equipos\/","url_meta":{"origin":7045,"position":0},"title":"EQUIPOS","author":"admin","date":"25 julio, 2017","format":false,"excerpt":"Senior Femenino Senior Masculino S18 S17 Femenino","rel":"","context":"Entrada similar","block_context":{"text":"Entrada similar","link":""},"img":{"alt_text":"","src":"https:\/\/i0.wp.com\/rugbymajadahonda.com\/web\/wp-content\/uploads\/2022\/09\/P5077916-scaled-e1662031029956.jpg?resize=350%2C200&ssl=1","width":350,"height":200,"srcset":"https:\/\/i0.wp.com\/rugbymajadahonda.com\/web\/wp-content\/uploads\/2022\/09\/P5077916-scaled-e1662031029956.jpg?resize=350%2C200&ssl=1 1x, https:\/\/i0.wp.com\/rugbymajadahonda.com\/web\/wp-content\/uploads\/2022\/09\/P5077916-scaled-e1662031029956.jpg?resize=525%2C300&ssl=1 1.5x, https:\/\/i0.wp.com\/rugbymajadahonda.com\/web\/wp-content\/uploads\/2022\/09\/P5077916-scaled-e1662031029956.jpg?resize=700%2C400&ssl=1 2x, https:\/\/i0.wp.com\/rugbymajadahonda.com\/web\/wp-content\/uploads\/2022\/09\/P5077916-scaled-e1662031029956.jpg?resize=1050%2C600&ssl=1 3x, https:\/\/i0.wp.com\/rugbymajadahonda.com\/web\/wp-content\/uploads\/2022\/09\/P5077916-scaled-e1662031029956.jpg?resize=1400%2C800&ssl=1 4x"},"classes":[]},{"id":26,"url":"https:\/\/rugbymajadahonda.com\/web\/club\/estructura\/","url_meta":{"origin":7045,"position":1},"title":"Estructura","author":"admin","date":"25 julio, 2017","format":false,"excerpt":"ESTRUCTURA DIRECTIVA \u00a0 PRESIDENTE Ignacio Nieto VICEPRESIDENTE Cristina Cueto SECRETARIA Lu\u00eds L\u00e1zaro TESORERA Ignacio Miranda VOCALES Paula H. de LucasMariola Arraiza DIRECCI\u00d3N DEPORTIVA SENIOR FEMENINOHead Coach: Xabier Rodr\u00edguezEntrenadores\u00a0: Emmanuel Avaca, Mariana Marxuach y Blanca Dom\u00ednguezDelegado: \u00c1lvaro Rom\u00f3n\u00a0SENIOR MASCULINOHead Coachs: Jos\u00e9 A. CabanasEntrenadores\u00a0: Gaizka Mart\u00edn, Juan Manuel Palero\u00a0\u00a0Delegada: Mar\u00eda Padilla\u00a0DIRECCI\u00d3N T\u00c9CNICA\u00a0Alba\u2026","rel":"","context":"Entrada similar","block_context":{"text":"Entrada similar","link":""},"img":{"alt_text":"","src":"https:\/\/i0.wp.com\/rugbymajadahonda.com\/web\/wp-content\/uploads\/2022\/08\/IMG_8185-scaled.jpg?resize=350%2C200&ssl=1","width":350,"height":200,"srcset":"https:\/\/i0.wp.com\/rugbymajadahonda.com\/web\/wp-content\/uploads\/2022\/08\/IMG_8185-scaled.jpg?resize=350%2C200&ssl=1 1x, https:\/\/i0.wp.com\/rugbymajadahonda.com\/web\/wp-content\/uploads\/2022\/08\/IMG_8185-scaled.jpg?resize=525%2C300&ssl=1 1.5x, https:\/\/i0.wp.com\/rugbymajadahonda.com\/web\/wp-content\/uploads\/2022\/08\/IMG_8185-scaled.jpg?resize=700%2C400&ssl=1 2x, https:\/\/i0.wp.com\/rugbymajadahonda.com\/web\/wp-content\/uploads\/2022\/08\/IMG_8185-scaled.jpg?resize=1050%2C600&ssl=1 3x, https:\/\/i0.wp.com\/rugbymajadahonda.com\/web\/wp-content\/uploads\/2022\/08\/IMG_8185-scaled.jpg?resize=1400%2C800&ssl=1 4x"},"classes":[]},{"id":10473,"url":"https:\/\/rugbymajadahonda.com\/web\/rsc-rugby-majadahonda\/","url_meta":{"origin":7045,"position":2},"title":"El motor que nos mueve","author":"admin","date":"9 abril, 2023","format":false,"excerpt":"EL MOTOR QUE NOS MUEVE EDUCACI\u00d3N EN EL DEPORTE MEDIO AMBIENTE IGUALDAD Y REDUCCI\u00d3N DE DESIGUALDADES SALUD Y BIENESTAR ALIANZA PARA LOGRAR LOS OBJETIVOS EDUCACI\u00d3N EN EL DEPORTE En el Club de Rugby Majadahonda trabajamos para conseguir la mejor versi\u00f3n de los ni\u00f1os y ni\u00f1as de nuestra escuela, no solo\u2026","rel":"","context":"Entrada similar","block_context":{"text":"Entrada similar","link":""},"img":{"alt_text":"","src":"https:\/\/i0.wp.com\/rugbymajadahonda.com\/web\/wp-content\/uploads\/2021\/02\/LOGO-RUGBY-MAJADAHONDA-bicolor-300x68.png?resize=350%2C200&ssl=1","width":350,"height":200},"classes":[]},{"id":32,"url":"https:\/\/rugbymajadahonda.com\/web\/equipos\/senior-femenino\/","url_meta":{"origin":7045,"position":3},"title":"Senior Femenino","author":"admin","date":"25 julio, 2017","format":false,"excerpt":"Copa RFER Liga Iberdrola Primera Regional Copa RFER Liga Iberdrola Primera Regional","rel":"","context":"Entrada similar","block_context":{"text":"Entrada similar","link":""},"img":{"alt_text":"","src":"https:\/\/i0.wp.com\/rugbymajadahonda.com\/web\/wp-content\/uploads\/2021\/02\/LOGO-RUGBY-MAJADAHONDA-bicolor-300x68.png?resize=350%2C200&ssl=1","width":350,"height":200},"classes":[]},{"id":42,"url":"https:\/\/rugbymajadahonda.com\/web\/equipos\/senior-femenino\/liga-iberdrola-de-rugby\/","url_meta":{"origin":7045,"position":4},"title":"Liga iberdrola","author":"admin","date":"25 julio, 2017","format":false,"excerpt":"TEMPORADA 2020\/2021 CLASIFICACI\u00d3N CALENDARIO","rel":"","context":"Entrada similar","block_context":{"text":"Entrada similar","link":""},"img":{"alt_text":"","src":"https:\/\/i0.wp.com\/rugbymajadahonda.com\/web\/wp-content\/uploads\/2017\/10\/LOGO_RUGBY_REDONDO_COLOR_-01-150x150.png?resize=350%2C200","width":350,"height":200},"classes":[]},{"id":9792,"url":"https:\/\/rugbymajadahonda.com\/web\/galerias\/","url_meta":{"origin":7045,"position":5},"title":"Galer\u00edas","author":"admin","date":"31 octubre, 2022","format":false,"excerpt":"TEMPORADA 2022\/2023 SENIOR FEMENINO Ol\u00edmpico de Pozuelo 17 - 33 Rugby MajadahondaFotograf\u00edas de Noah Alirangues para ToqueFem Ol\u00edmpico de Pozuelo 17 - 33 Rugby MajadahondaFotograf\u00edas de Domingo Torres Veterinaria - San Isidro vs Rugby MajadahondaFotograf\u00edas de Paula H. de Lucas para Rugby Majadahonda Rugby Majadahonda vs Crealia El SalvadorFotograf\u00edas de\u2026","rel":"","context":"Entrada similar","block_context":{"text":"Entrada similar","link":""},"img":{"alt_text":"","src":"","width":0,"height":0},"classes":[]}],"jetpack_sharing_enabled":true,"_links":{"self":[{"href":"https:\/\/rugbymajadahonda.com\/web\/wp-json\/wp\/v2\/pages\/7045","targetHints":{"allow":["GET"]}}],"collection":[{"href":"https:\/\/rugbymajadahonda.com\/web\/wp-json\/wp\/v2\/pages"}],"about":[{"href":"https:\/\/rugbymajadahonda.com\/web\/wp-json\/wp\/v2\/types\/page"}],"author":[{"embeddable":true,"href":"https:\/\/rugbymajadahonda.com\/web\/wp-json\/wp\/v2\/users\/1"}],"replies":[{"embeddable":true,"href":"https:\/\/rugbymajadahonda.com\/web\/wp-json\/wp\/v2\/comments?post=7045"}],"version-history":[{"count":24,"href":"https:\/\/rugbymajadahonda.com\/web\/wp-json\/wp\/v2\/pages\/7045\/revisions"}],"predecessor-version":[{"id":9355,"href":"https:\/\/rugbymajadahonda.com\/web\/wp-json\/wp\/v2\/pages\/7045\/revisions\/9355"}],"up":[{"embeddable":true,"href":"https:\/\/rugbymajadahonda.com\/web\/wp-json\/wp\/v2\/pages\/9254"}],"wp:attachment":[{"href":"https:\/\/rugbymajadahonda.com\/web\/wp-json\/wp\/v2\/media?parent=7045"}],"curies":[{"name":"wp","href":"https:\/\/api.w.org\/{rel}","templated":true}]}}