{"id":7184,"date":"2021-11-28T23:18:11","date_gmt":"2021-11-28T23:18:11","guid":{"rendered":"https:\/\/rugbymajadahonda.com\/web\/?page_id=7184"},"modified":"2022-09-01T11:37:33","modified_gmt":"2022-09-01T11:37:33","slug":"s16","status":"publish","type":"page","link":"https:\/\/rugbymajadahonda.com\/web\/equipos\/academia\/s16\/","title":{"rendered":"S16"},"content":{"rendered":"\t\t<div data-elementor-type=\"wp-page\" data-elementor-id=\"7184\" class=\"elementor elementor-7184\">\n\t\t\t\t\t\t\t\t\t<section class=\"elementor-section elementor-top-section elementor-element elementor-element-1519898 elementor-section-boxed elementor-section-height-default elementor-section-height-default\" data-id=\"1519898\" data-element_type=\"section\">\n\t\t\t\t\t\t<div class=\"elementor-container elementor-column-gap-default\">\n\t\t\t\t\t<div class=\"elementor-column elementor-col-100 elementor-top-column elementor-element elementor-element-5dd38b8\" data-id=\"5dd38b8\" data-element_type=\"column\">\n\t\t\t<div class=\"elementor-widget-wrap elementor-element-populated\">\n\t\t\t\t\t\t\t\t<div class=\"elementor-element elementor-element-7fa1fc6 elementor-widget elementor-widget-image\" data-id=\"7fa1fc6\" data-element_type=\"widget\" data-widget_type=\"image.default\">\n\t\t\t\t<div class=\"elementor-widget-container\">\n\t\t\t\t\t\t\t\t\t\t\t\t\t\t\t<img fetchpriority=\"high\" decoding=\"async\" width=\"1018\" height=\"573\" src=\"https:\/\/rugbymajadahonda.com\/web\/wp-content\/uploads\/2021\/11\/Sub18.jpg\" class=\"attachment-large size-large wp-image-7113\" alt=\"\" srcset=\"https:\/\/rugbymajadahonda.com\/web\/wp-content\/uploads\/2021\/11\/Sub18.jpg 1018w, https:\/\/rugbymajadahonda.com\/web\/wp-content\/uploads\/2021\/11\/Sub18-300x169.jpg 300w, https:\/\/rugbymajadahonda.com\/web\/wp-content\/uploads\/2021\/11\/Sub18-768x432.jpg 768w, https:\/\/rugbymajadahonda.com\/web\/wp-content\/uploads\/2021\/11\/Sub18-600x338.jpg 600w\" sizes=\"(max-width: 1018px) 100vw, 1018px\" \/>\t\t\t\t\t\t\t\t\t\t\t\t\t\t\t<\/div>\n\t\t\t\t<\/div>\n\t\t\t\t\t<\/div>\n\t\t<\/div>\n\t\t\t\t\t\t\t<\/div>\n\t\t<\/section>\n\t\t\t\t<section class=\"elementor-section elementor-top-section elementor-element elementor-element-1741687 elementor-section-boxed elementor-section-height-default elementor-section-height-default\" data-id=\"1741687\" data-element_type=\"section\">\n\t\t\t\t\t\t<div class=\"elementor-container elementor-column-gap-default\">\n\t\t\t\t\t<div class=\"elementor-column elementor-col-100 elementor-top-column elementor-element elementor-element-25ab618\" data-id=\"25ab618\" data-element_type=\"column\">\n\t\t\t<div class=\"elementor-widget-wrap elementor-element-populated\">\n\t\t\t\t\t\t\t\t<div class=\"elementor-element elementor-element-fae88dc elementor-tabs-alignment-center elementor-tabs-view-horizontal elementor-widget elementor-widget-tabs\" data-id=\"fae88dc\" data-element_type=\"widget\" data-widget_type=\"tabs.default\">\n\t\t\t\t<div class=\"elementor-widget-container\">\n\t\t\t\t\t<div class=\"elementor-tabs\">\n\t\t\t<div class=\"elementor-tabs-wrapper\" role=\"tablist\" >\n\t\t\t\t\t\t\t\t\t<div id=\"elementor-tab-title-2631\" class=\"elementor-tab-title elementor-tab-desktop-title\" aria-selected=\"true\" data-tab=\"1\" role=\"tab\" tabindex=\"0\" aria-controls=\"elementor-tab-content-2631\" aria-expanded=\"false\">S16 \u2013 2\u00aa DIVISI\u00d3N \u2013 CALENDARIO<\/div>\n\t\t\t\t\t\t\t\t\t<div id=\"elementor-tab-title-2632\" class=\"elementor-tab-title elementor-tab-desktop-title\" aria-selected=\"false\" data-tab=\"2\" role=\"tab\" tabindex=\"-1\" aria-controls=\"elementor-tab-content-2632\" aria-expanded=\"false\">S16 \u2013 2\u00aa DIVISI\u00d3N \u2013 CLASIFICACI\u00d3N<\/div>\n\t\t\t\t\t\t\t<\/div>\n\t\t\t<div class=\"elementor-tabs-content-wrapper\" role=\"tablist\" aria-orientation=\"vertical\">\n\t\t\t\t\t\t\t\t\t<div class=\"elementor-tab-title elementor-tab-mobile-title\" aria-selected=\"true\" data-tab=\"1\" role=\"tab\" tabindex=\"0\" aria-controls=\"elementor-tab-content-2631\" aria-expanded=\"false\">S16 \u2013 2\u00aa DIVISI\u00d3N \u2013 CALENDARIO<\/div>\n\t\t\t\t\t<div id=\"elementor-tab-content-2631\" class=\"elementor-tab-content elementor-clearfix\" data-tab=\"1\" role=\"tabpanel\" aria-labelledby=\"elementor-tab-title-2631\" tabindex=\"0\" hidden=\"false\"><iframe style=\"width: full; height: 342.41px;\" src=\"https:\/\/rugbymadrid.matchready.es\/es\/public\/15\/30\/calendar\" name=\"centro\" frameborder=\"0\" scrolling=\"no\" data-aspectratio=\"1\" data-origwidth=\"1000\"><\/iframe><\/div>\n\t\t\t\t\t\t\t\t\t<div class=\"elementor-tab-title elementor-tab-mobile-title\" aria-selected=\"false\" data-tab=\"2\" role=\"tab\" tabindex=\"-1\" aria-controls=\"elementor-tab-content-2632\" aria-expanded=\"false\">S16 \u2013 2\u00aa DIVISI\u00d3N \u2013 CLASIFICACI\u00d3N<\/div>\n\t\t\t\t\t<div id=\"elementor-tab-content-2632\" class=\"elementor-tab-content elementor-clearfix\" data-tab=\"2\" role=\"tabpanel\" aria-labelledby=\"elementor-tab-title-2632\" tabindex=\"0\" hidden=\"hidden\"><iframe style=\"width: full; height: 342.41px;\" src=\"https:\/\/rugbymadrid.matchready.es\/es\/public\/15\/30\/classification\" name=\"centro\" frameborder=\"0\" scrolling=\"no\" data-aspectratio=\"1\" data-origwidth=\"1000\"><\/iframe><\/div>\n\t\t\t\t\t\t\t<\/div>\n\t\t<\/div>\n\t\t\t\t<\/div>\n\t\t\t\t<\/div>\n\t\t\t\t\t<\/div>\n\t\t<\/div>\n\t\t\t\t\t\t\t<\/div>\n\t\t<\/section>\n\t\t\t\t<section class=\"elementor-section elementor-top-section elementor-element elementor-element-c2b8249 elementor-section-boxed elementor-section-height-default elementor-section-height-default\" data-id=\"c2b8249\" data-element_type=\"section\">\n\t\t\t\t\t\t<div class=\"elementor-container elementor-column-gap-default\">\n\t\t\t\t\t<div class=\"elementor-column elementor-col-100 elementor-top-column elementor-element elementor-element-a89ff61\" data-id=\"a89ff61\" data-element_type=\"column\">\n\t\t\t<div class=\"elementor-widget-wrap elementor-element-populated\">\n\t\t\t\t\t\t\t\t<div class=\"elementor-element elementor-element-553e965 elementor-widget elementor-widget-spacer\" data-id=\"553e965\" data-element_type=\"widget\" data-widget_type=\"spacer.default\">\n\t\t\t\t<div class=\"elementor-widget-container\">\n\t\t\t\t\t<div class=\"elementor-spacer\">\n\t\t\t<div class=\"elementor-spacer-inner\"><\/div>\n\t\t<\/div>\n\t\t\t\t<\/div>\n\t\t\t\t<\/div>\n\t\t\t\t<div class=\"elementor-element elementor-element-663b5e6 elementor-widget elementor-widget-image\" data-id=\"663b5e6\" data-element_type=\"widget\" data-widget_type=\"image.default\">\n\t\t\t\t<div class=\"elementor-widget-container\">\n\t\t\t\t\t\t\t\t\t\t\t\t\t\t\t\t<a href=\"http:\/\/rugbymajadahonda.com\">\n\t\t\t\t\t\t\t<img decoding=\"async\" width=\"300\" height=\"68\" src=\"https:\/\/rugbymajadahonda.com\/web\/wp-content\/uploads\/2021\/02\/LOGO-RUGBY-MAJADAHONDA-bicolor-300x68.png\" class=\"attachment-medium size-medium wp-image-4335\" alt=\"\" srcset=\"https:\/\/rugbymajadahonda.com\/web\/wp-content\/uploads\/2021\/02\/LOGO-RUGBY-MAJADAHONDA-bicolor-300x68.png 300w, https:\/\/rugbymajadahonda.com\/web\/wp-content\/uploads\/2021\/02\/LOGO-RUGBY-MAJADAHONDA-bicolor-1500x342.png 1500w, https:\/\/rugbymajadahonda.com\/web\/wp-content\/uploads\/2021\/02\/LOGO-RUGBY-MAJADAHONDA-bicolor-768x175.png 768w, https:\/\/rugbymajadahonda.com\/web\/wp-content\/uploads\/2021\/02\/LOGO-RUGBY-MAJADAHONDA-bicolor-1024x234.png 1024w, https:\/\/rugbymajadahonda.com\/web\/wp-content\/uploads\/2021\/02\/LOGO-RUGBY-MAJADAHONDA-bicolor-1536x350.png 1536w, https:\/\/rugbymajadahonda.com\/web\/wp-content\/uploads\/2021\/02\/LOGO-RUGBY-MAJADAHONDA-bicolor-600x137.png 600w, https:\/\/rugbymajadahonda.com\/web\/wp-content\/uploads\/2021\/02\/LOGO-RUGBY-MAJADAHONDA-bicolor.png 1911w\" sizes=\"(max-width: 300px) 100vw, 300px\" \/>\t\t\t\t\t\t\t\t<\/a>\n\t\t\t\t\t\t\t\t\t\t\t\t\t\t\t<\/div>\n\t\t\t\t<\/div>\n\t\t\t\t\t<\/div>\n\t\t<\/div>\n\t\t\t\t\t\t\t<\/div>\n\t\t<\/section>\n\t\t\t\t\t\t\t<\/div>\n\t\t","protected":false},"excerpt":{"rendered":"<p>S16 \u2013 2\u00aa DIVISI\u00d3N \u2013 CALENDARIO S16 \u2013 2\u00aa DIVISI\u00d3N \u2013 CLASIFICACI\u00d3N S16 \u2013 2\u00aa DIVISI\u00d3N \u2013 CALENDARIO S16 \u2013 2\u00aa DIVISI\u00d3N \u2013 CLASIFICACI\u00d3N<\/p>\n","protected":false},"author":1,"featured_media":0,"parent":9254,"menu_order":3,"comment_status":"closed","ping_status":"closed","template":"template-parts\/template-full-width.php","meta":{"cybocfi_hide_featured_image":"","footnotes":""},"class_list":["post-7184","page","type-page","status-publish","hentry"],"jetpack-related-posts":[{"id":7226,"url":"https:\/\/rugbymajadahonda.com\/web\/equipos\/academia\/s14\/","url_meta":{"origin":7184,"position":0},"title":"S14","author":"admin","date":"29 noviembre, 2021","format":false,"excerpt":"SUB 14 \u2013 2\u00aa DIVISI\u00d3N \u2013 CALENDARIO SUB 14 \u2013 2\u00aa DIVISI\u00d3N \u2013 CLASIFICACI\u00d3N SUB 14 \u2013 Desarrollo \u2013 CALENDARIO SUB 14 \u2013 2\u00aa DIVISI\u00d3N \u2013 CALENDARIO SUB 14 \u2013 2\u00aa DIVISI\u00d3N \u2013 CLASIFICACI\u00d3N SUB 14 \u2013 Desarrollo \u2013 CALENDARIO","rel":"","context":"Entrada similar","block_context":{"text":"Entrada similar","link":""},"img":{"alt_text":"","src":"https:\/\/i0.wp.com\/rugbymajadahonda.com\/web\/wp-content\/uploads\/2021\/11\/Sub14-1024x537.jpg?resize=350%2C200","width":350,"height":200,"srcset":"https:\/\/i0.wp.com\/rugbymajadahonda.com\/web\/wp-content\/uploads\/2021\/11\/Sub14-1024x537.jpg?resize=350%2C200 1x, https:\/\/i0.wp.com\/rugbymajadahonda.com\/web\/wp-content\/uploads\/2021\/11\/Sub14-1024x537.jpg?resize=525%2C300 1.5x, https:\/\/i0.wp.com\/rugbymajadahonda.com\/web\/wp-content\/uploads\/2021\/11\/Sub14-1024x537.jpg?resize=700%2C400 2x"},"classes":[]},{"id":7215,"url":"https:\/\/rugbymajadahonda.com\/web\/equipos\/academia\/s18\/","url_meta":{"origin":7184,"position":1},"title":"S18","author":"admin","date":"28 noviembre, 2021","format":false,"excerpt":"S18 \u2013 2\u00aa DIVISI\u00d3N \u2013 CALENDARIO S18 \u2013 2\u00aa DIVISI\u00d3N \u2013 CLASIFICACI\u00d3N S18 \u2013 2\u00aa DIVISI\u00d3N \u2013 CALENDARIO S18 \u2013 2\u00aa DIVISI\u00d3N \u2013 CLASIFICACI\u00d3N","rel":"","context":"Entrada similar","block_context":{"text":"Entrada similar","link":""},"img":{"alt_text":"Sub 18 Temp. 2021-22","src":"https:\/\/i0.wp.com\/rugbymajadahonda.com\/web\/wp-content\/uploads\/2021\/11\/sub18-1-scaled-1024x558.jpg?resize=350%2C200&ssl=1","width":350,"height":200,"srcset":"https:\/\/i0.wp.com\/rugbymajadahonda.com\/web\/wp-content\/uploads\/2021\/11\/sub18-1-scaled-1024x558.jpg?resize=350%2C200&ssl=1 1x, https:\/\/i0.wp.com\/rugbymajadahonda.com\/web\/wp-content\/uploads\/2021\/11\/sub18-1-scaled-1024x558.jpg?resize=525%2C300&ssl=1 1.5x, https:\/\/i0.wp.com\/rugbymajadahonda.com\/web\/wp-content\/uploads\/2021\/11\/sub18-1-scaled-1024x558.jpg?resize=700%2C400&ssl=1 2x"},"classes":[]},{"id":42,"url":"https:\/\/rugbymajadahonda.com\/web\/equipos\/senior-femenino\/liga-iberdrola-de-rugby\/","url_meta":{"origin":7184,"position":2},"title":"Liga iberdrola","author":"admin","date":"25 julio, 2017","format":false,"excerpt":"TEMPORADA 2020\/2021 CLASIFICACI\u00d3N CALENDARIO","rel":"","context":"Entrada similar","block_context":{"text":"Entrada similar","link":""},"img":{"alt_text":"","src":"https:\/\/i0.wp.com\/rugbymajadahonda.com\/web\/wp-content\/uploads\/2017\/10\/LOGO_RUGBY_REDONDO_COLOR_-01-150x150.png?resize=350%2C200","width":350,"height":200},"classes":[]},{"id":26,"url":"https:\/\/rugbymajadahonda.com\/web\/club\/estructura\/","url_meta":{"origin":7184,"position":3},"title":"Estructura","author":"admin","date":"25 julio, 2017","format":false,"excerpt":"ESTRUCTURA DIRECTIVA \u00a0 PRESIDENTE Ignacio Nieto VICEPRESIDENTE Cristina Cueto SECRETARIA Lu\u00eds L\u00e1zaro TESORERA Ignacio Miranda VOCALES Paula H. de LucasMariola Arraiza DIRECCI\u00d3N DEPORTIVA SENIOR FEMENINOHead Coach: Xabier Rodr\u00edguezEntrenadores\u00a0: Emmanuel Avaca, Mariana Marxuach y Blanca Dom\u00ednguezDelegado: \u00c1lvaro Rom\u00f3n\u00a0SENIOR MASCULINOHead Coachs: Jos\u00e9 A. CabanasEntrenadores\u00a0: Gaizka Mart\u00edn, Juan Manuel Palero\u00a0\u00a0Delegada: Mar\u00eda Padilla\u00a0DIRECCI\u00d3N T\u00c9CNICA\u00a0Alba\u2026","rel":"","context":"Entrada similar","block_context":{"text":"Entrada similar","link":""},"img":{"alt_text":"","src":"https:\/\/i0.wp.com\/rugbymajadahonda.com\/web\/wp-content\/uploads\/2022\/08\/IMG_8185-scaled.jpg?resize=350%2C200&ssl=1","width":350,"height":200,"srcset":"https:\/\/i0.wp.com\/rugbymajadahonda.com\/web\/wp-content\/uploads\/2022\/08\/IMG_8185-scaled.jpg?resize=350%2C200&ssl=1 1x, https:\/\/i0.wp.com\/rugbymajadahonda.com\/web\/wp-content\/uploads\/2022\/08\/IMG_8185-scaled.jpg?resize=525%2C300&ssl=1 1.5x, https:\/\/i0.wp.com\/rugbymajadahonda.com\/web\/wp-content\/uploads\/2022\/08\/IMG_8185-scaled.jpg?resize=700%2C400&ssl=1 2x, https:\/\/i0.wp.com\/rugbymajadahonda.com\/web\/wp-content\/uploads\/2022\/08\/IMG_8185-scaled.jpg?resize=1050%2C600&ssl=1 3x, https:\/\/i0.wp.com\/rugbymajadahonda.com\/web\/wp-content\/uploads\/2022\/08\/IMG_8185-scaled.jpg?resize=1400%2C800&ssl=1 4x"},"classes":[]},{"id":28,"url":"https:\/\/rugbymajadahonda.com\/web\/club\/palmares\/","url_meta":{"origin":7184,"position":4},"title":"Palmar\u00e9s","author":"admin","date":"25 julio, 2017","format":false,"excerpt":"Senior Femenino Campeonato de Espa\u00f1a 1993 y 1994 Campeonato de Espa\u00f1a 1995 y 1997 Copa de la Reina XV 1998, 1999 y 2000 Divisi\u00f3n de Honor Femenina 2023 Divisi\u00f3n de Honor Femenina 2016 y 2018, 2021 y 2022 Divisi\u00f3n de Honor Femenina 2011, 2017, 2019 y 2020 Seven Nacional. GPS\u2026","rel":"","context":"Entrada similar","block_context":{"text":"Entrada similar","link":""},"img":{"alt_text":"","src":"https:\/\/i0.wp.com\/rugbymajadahonda.com\/web\/wp-content\/uploads\/2021\/02\/LOGO-RUGBY-MAJADAHONDA-bicolor-300x68.png?resize=350%2C200&ssl=1","width":350,"height":200},"classes":[]},{"id":1776,"url":"https:\/\/rugbymajadahonda.com\/web\/equipos\/senior-masculino\/","url_meta":{"origin":7184,"position":5},"title":"Senior Masculino","author":"admin","date":"11 abril, 2019","format":false,"excerpt":"Divisi\u00f3n de Honor B Segunda Regional Grupo A Divisi\u00f3n de Honor B Segunda Regional Grupo A","rel":"","context":"Entrada similar","block_context":{"text":"Entrada similar","link":""},"img":{"alt_text":"","src":"https:\/\/i0.wp.com\/rugbymajadahonda.com\/web\/wp-content\/uploads\/2021\/02\/LOGO-RUGBY-MAJADAHONDA-bicolor-300x68.png?resize=350%2C200&ssl=1","width":350,"height":200},"classes":[]}],"jetpack_sharing_enabled":true,"_links":{"self":[{"href":"https:\/\/rugbymajadahonda.com\/web\/wp-json\/wp\/v2\/pages\/7184","targetHints":{"allow":["GET"]}}],"collection":[{"href":"https:\/\/rugbymajadahonda.com\/web\/wp-json\/wp\/v2\/pages"}],"about":[{"href":"https:\/\/rugbymajadahonda.com\/web\/wp-json\/wp\/v2\/types\/page"}],"author":[{"embeddable":true,"href":"https:\/\/rugbymajadahonda.com\/web\/wp-json\/wp\/v2\/users\/1"}],"replies":[{"embeddable":true,"href":"https:\/\/rugbymajadahonda.com\/web\/wp-json\/wp\/v2\/comments?post=7184"}],"version-history":[{"count":11,"href":"https:\/\/rugbymajadahonda.com\/web\/wp-json\/wp\/v2\/pages\/7184\/revisions"}],"predecessor-version":[{"id":9348,"href":"https:\/\/rugbymajadahonda.com\/web\/wp-json\/wp\/v2\/pages\/7184\/revisions\/9348"}],"up":[{"embeddable":true,"href":"https:\/\/rugbymajadahonda.com\/web\/wp-json\/wp\/v2\/pages\/9254"}],"wp:attachment":[{"href":"https:\/\/rugbymajadahonda.com\/web\/wp-json\/wp\/v2\/media?parent=7184"}],"curies":[{"name":"wp","href":"https:\/\/api.w.org\/{rel}","templated":true}]}}