{"id":7226,"date":"2021-11-29T08:15:38","date_gmt":"2021-11-29T08:15:38","guid":{"rendered":"https:\/\/rugbymajadahonda.com\/web\/?page_id=7226"},"modified":"2022-09-01T11:25:30","modified_gmt":"2022-09-01T11:25:30","slug":"s14","status":"publish","type":"page","link":"https:\/\/rugbymajadahonda.com\/web\/equipos\/academia\/s14\/","title":{"rendered":"S14"},"content":{"rendered":"\t\t<div data-elementor-type=\"wp-page\" data-elementor-id=\"7226\" class=\"elementor elementor-7226\">\n\t\t\t\t\t\t\t\t\t<section class=\"elementor-section elementor-top-section elementor-element elementor-element-aefd089 elementor-section-boxed elementor-section-height-default elementor-section-height-default\" data-id=\"aefd089\" data-element_type=\"section\">\n\t\t\t\t\t\t<div class=\"elementor-container elementor-column-gap-default\">\n\t\t\t\t\t<div class=\"elementor-column elementor-col-100 elementor-top-column elementor-element elementor-element-9ed65c4\" data-id=\"9ed65c4\" data-element_type=\"column\">\n\t\t\t<div class=\"elementor-widget-wrap elementor-element-populated\">\n\t\t\t\t\t\t\t\t<div class=\"elementor-element elementor-element-727ab08 elementor-widget elementor-widget-image\" data-id=\"727ab08\" data-element_type=\"widget\" data-widget_type=\"image.default\">\n\t\t\t\t<div class=\"elementor-widget-container\">\n\t\t\t\t\t\t\t\t\t\t\t\t\t\t\t<img fetchpriority=\"high\" decoding=\"async\" width=\"1024\" height=\"537\" src=\"https:\/\/rugbymajadahonda.com\/web\/wp-content\/uploads\/2021\/11\/Sub14-1024x537.jpg\" class=\"attachment-large size-large wp-image-7227\" alt=\"\" srcset=\"https:\/\/rugbymajadahonda.com\/web\/wp-content\/uploads\/2021\/11\/Sub14-1024x537.jpg 1024w, https:\/\/rugbymajadahonda.com\/web\/wp-content\/uploads\/2021\/11\/Sub14-300x157.jpg 300w, https:\/\/rugbymajadahonda.com\/web\/wp-content\/uploads\/2021\/11\/Sub14-768x403.jpg 768w, https:\/\/rugbymajadahonda.com\/web\/wp-content\/uploads\/2021\/11\/Sub14-600x315.jpg 600w, https:\/\/rugbymajadahonda.com\/web\/wp-content\/uploads\/2021\/11\/Sub14.jpg 1138w\" sizes=\"(max-width: 1024px) 100vw, 1024px\" \/>\t\t\t\t\t\t\t\t\t\t\t\t\t\t\t<\/div>\n\t\t\t\t<\/div>\n\t\t\t\t\t<\/div>\n\t\t<\/div>\n\t\t\t\t\t\t\t<\/div>\n\t\t<\/section>\n\t\t\t\t<section class=\"elementor-section elementor-top-section elementor-element elementor-element-4c84dc9 elementor-section-boxed elementor-section-height-default elementor-section-height-default\" data-id=\"4c84dc9\" data-element_type=\"section\">\n\t\t\t\t\t\t<div class=\"elementor-container elementor-column-gap-default\">\n\t\t\t\t\t<div class=\"elementor-column elementor-col-100 elementor-top-column elementor-element elementor-element-03692d1\" data-id=\"03692d1\" data-element_type=\"column\">\n\t\t\t<div class=\"elementor-widget-wrap elementor-element-populated\">\n\t\t\t\t\t\t\t\t<div class=\"elementor-element elementor-element-a05db96 elementor-tabs-alignment-center elementor-tabs-view-horizontal elementor-widget elementor-widget-tabs\" data-id=\"a05db96\" data-element_type=\"widget\" data-widget_type=\"tabs.default\">\n\t\t\t\t<div class=\"elementor-widget-container\">\n\t\t\t\t\t<div class=\"elementor-tabs\">\n\t\t\t<div class=\"elementor-tabs-wrapper\" role=\"tablist\" >\n\t\t\t\t\t\t\t\t\t<div id=\"elementor-tab-title-1681\" class=\"elementor-tab-title elementor-tab-desktop-title\" aria-selected=\"true\" data-tab=\"1\" role=\"tab\" tabindex=\"0\" aria-controls=\"elementor-tab-content-1681\" aria-expanded=\"false\">SUB 14 \u2013 2\u00aa DIVISI\u00d3N \u2013 CALENDARIO<\/div>\n\t\t\t\t\t\t\t\t\t<div id=\"elementor-tab-title-1682\" class=\"elementor-tab-title elementor-tab-desktop-title\" aria-selected=\"false\" data-tab=\"2\" role=\"tab\" tabindex=\"-1\" aria-controls=\"elementor-tab-content-1682\" aria-expanded=\"false\">SUB 14 \u2013 2\u00aa DIVISI\u00d3N \u2013 CLASIFICACI\u00d3N<\/div>\n\t\t\t\t\t\t\t\t\t<div id=\"elementor-tab-title-1683\" class=\"elementor-tab-title elementor-tab-desktop-title\" aria-selected=\"false\" data-tab=\"3\" role=\"tab\" tabindex=\"-1\" aria-controls=\"elementor-tab-content-1683\" aria-expanded=\"false\">SUB 14 \u2013 Desarrollo \u2013 CALENDARIO<\/div>\n\t\t\t\t\t\t\t<\/div>\n\t\t\t<div class=\"elementor-tabs-content-wrapper\" role=\"tablist\" aria-orientation=\"vertical\">\n\t\t\t\t\t\t\t\t\t<div class=\"elementor-tab-title elementor-tab-mobile-title\" aria-selected=\"true\" data-tab=\"1\" role=\"tab\" tabindex=\"0\" aria-controls=\"elementor-tab-content-1681\" aria-expanded=\"false\">SUB 14 \u2013 2\u00aa DIVISI\u00d3N \u2013 CALENDARIO<\/div>\n\t\t\t\t\t<div id=\"elementor-tab-content-1681\" class=\"elementor-tab-content elementor-clearfix\" data-tab=\"1\" role=\"tabpanel\" aria-labelledby=\"elementor-tab-title-1681\" tabindex=\"0\" hidden=\"false\"><iframe style=\"width: 353px; height: 342.41px;\" src=\"https:\/\/rugbymadrid.matchready.es\/es\/public\/17\/30\/calendar\" name=\"centro\" frameborder=\"0\" scrolling=\"yes\" data-aspectratio=\"1\" data-origwidth=\"1000\"><\/iframe><\/div>\n\t\t\t\t\t\t\t\t\t<div class=\"elementor-tab-title elementor-tab-mobile-title\" aria-selected=\"false\" data-tab=\"2\" role=\"tab\" tabindex=\"-1\" aria-controls=\"elementor-tab-content-1682\" aria-expanded=\"false\">SUB 14 \u2013 2\u00aa DIVISI\u00d3N \u2013 CLASIFICACI\u00d3N<\/div>\n\t\t\t\t\t<div id=\"elementor-tab-content-1682\" class=\"elementor-tab-content elementor-clearfix\" data-tab=\"2\" role=\"tabpanel\" aria-labelledby=\"elementor-tab-title-1682\" tabindex=\"0\" hidden=\"hidden\"><iframe style=\"width: 353px; height: 342.41px;\" src=\"https:\/\/rugbymadrid.matchready.es\/es\/public\/17\/30\/classification\" name=\"centro\" frameborder=\"0\" scrolling=\"yes\" data-aspectratio=\"1\" data-origwidth=\"1000\"><\/iframe><\/div>\n\t\t\t\t\t\t\t\t\t<div class=\"elementor-tab-title elementor-tab-mobile-title\" aria-selected=\"false\" data-tab=\"3\" role=\"tab\" tabindex=\"-1\" aria-controls=\"elementor-tab-content-1683\" aria-expanded=\"false\">SUB 14 \u2013 Desarrollo \u2013 CALENDARIO<\/div>\n\t\t\t\t\t<div id=\"elementor-tab-content-1683\" class=\"elementor-tab-content elementor-clearfix\" data-tab=\"3\" role=\"tabpanel\" aria-labelledby=\"elementor-tab-title-1683\" tabindex=\"0\" hidden=\"hidden\"><iframe style=\"width: 353px; height: 342.41px;\" src=\"https:\/\/rugbymadrid.matchready.es\/es\/public\/23\/30\/calendar_promotion\" name=\"centro\" frameborder=\"0\" scrolling=\"yes\" data-aspectratio=\"1\" data-origwidth=\"1000\"><\/iframe><\/div>\n\t\t\t\t\t\t\t<\/div>\n\t\t<\/div>\n\t\t\t\t<\/div>\n\t\t\t\t<\/div>\n\t\t\t\t\t<\/div>\n\t\t<\/div>\n\t\t\t\t\t\t\t<\/div>\n\t\t<\/section>\n\t\t\t\t\t\t\t<\/div>\n\t\t","protected":false},"excerpt":{"rendered":"<p>SUB 14 \u2013 2\u00aa DIVISI\u00d3N \u2013 CALENDARIO SUB 14 \u2013 2\u00aa DIVISI\u00d3N \u2013 CLASIFICACI\u00d3N SUB 14 \u2013 Desarrollo \u2013 CALENDARIO SUB 14 \u2013 2\u00aa DIVISI\u00d3N \u2013 CALENDARIO SUB 14 \u2013 2\u00aa DIVISI\u00d3N \u2013 CLASIFICACI\u00d3N SUB 14 \u2013 Desarrollo \u2013 CALENDARIO<\/p>\n","protected":false},"author":1,"featured_media":0,"parent":9254,"menu_order":4,"comment_status":"closed","ping_status":"closed","template":"template-parts\/template-full-width.php","meta":{"cybocfi_hide_featured_image":"","footnotes":""},"class_list":["post-7226","page","type-page","status-publish","hentry"],"jetpack-related-posts":[{"id":7215,"url":"https:\/\/rugbymajadahonda.com\/web\/equipos\/academia\/s18\/","url_meta":{"origin":7226,"position":0},"title":"S18","author":"admin","date":"28 noviembre, 2021","format":false,"excerpt":"S18 \u2013 2\u00aa DIVISI\u00d3N \u2013 CALENDARIO S18 \u2013 2\u00aa DIVISI\u00d3N \u2013 CLASIFICACI\u00d3N S18 \u2013 2\u00aa DIVISI\u00d3N \u2013 CALENDARIO S18 \u2013 2\u00aa DIVISI\u00d3N \u2013 CLASIFICACI\u00d3N","rel":"","context":"Entrada similar","block_context":{"text":"Entrada similar","link":""},"img":{"alt_text":"Sub 18 Temp. 2021-22","src":"https:\/\/i0.wp.com\/rugbymajadahonda.com\/web\/wp-content\/uploads\/2021\/11\/sub18-1-scaled-1024x558.jpg?resize=350%2C200&ssl=1","width":350,"height":200,"srcset":"https:\/\/i0.wp.com\/rugbymajadahonda.com\/web\/wp-content\/uploads\/2021\/11\/sub18-1-scaled-1024x558.jpg?resize=350%2C200&ssl=1 1x, https:\/\/i0.wp.com\/rugbymajadahonda.com\/web\/wp-content\/uploads\/2021\/11\/sub18-1-scaled-1024x558.jpg?resize=525%2C300&ssl=1 1.5x, https:\/\/i0.wp.com\/rugbymajadahonda.com\/web\/wp-content\/uploads\/2021\/11\/sub18-1-scaled-1024x558.jpg?resize=700%2C400&ssl=1 2x"},"classes":[]},{"id":7184,"url":"https:\/\/rugbymajadahonda.com\/web\/equipos\/academia\/s16\/","url_meta":{"origin":7226,"position":1},"title":"S16","author":"admin","date":"28 noviembre, 2021","format":false,"excerpt":"S16 \u2013 2\u00aa DIVISI\u00d3N \u2013 CALENDARIO S16 \u2013 2\u00aa DIVISI\u00d3N \u2013 CLASIFICACI\u00d3N S16 \u2013 2\u00aa DIVISI\u00d3N \u2013 CALENDARIO S16 \u2013 2\u00aa DIVISI\u00d3N \u2013 CLASIFICACI\u00d3N","rel":"","context":"Entrada similar","block_context":{"text":"Entrada similar","link":""},"img":{"alt_text":"","src":"https:\/\/i0.wp.com\/rugbymajadahonda.com\/web\/wp-content\/uploads\/2021\/11\/Sub18.jpg?resize=350%2C200&ssl=1","width":350,"height":200,"srcset":"https:\/\/i0.wp.com\/rugbymajadahonda.com\/web\/wp-content\/uploads\/2021\/11\/Sub18.jpg?resize=350%2C200&ssl=1 1x, https:\/\/i0.wp.com\/rugbymajadahonda.com\/web\/wp-content\/uploads\/2021\/11\/Sub18.jpg?resize=525%2C300&ssl=1 1.5x, https:\/\/i0.wp.com\/rugbymajadahonda.com\/web\/wp-content\/uploads\/2021\/11\/Sub18.jpg?resize=700%2C400&ssl=1 2x"},"classes":[]},{"id":42,"url":"https:\/\/rugbymajadahonda.com\/web\/equipos\/senior-femenino\/liga-iberdrola-de-rugby\/","url_meta":{"origin":7226,"position":2},"title":"Liga iberdrola","author":"admin","date":"25 julio, 2017","format":false,"excerpt":"TEMPORADA 2020\/2021 CLASIFICACI\u00d3N CALENDARIO","rel":"","context":"Entrada similar","block_context":{"text":"Entrada similar","link":""},"img":{"alt_text":"","src":"https:\/\/i0.wp.com\/rugbymajadahonda.com\/web\/wp-content\/uploads\/2017\/10\/LOGO_RUGBY_REDONDO_COLOR_-01-150x150.png?resize=350%2C200","width":350,"height":200},"classes":[]},{"id":30,"url":"https:\/\/rugbymajadahonda.com\/web\/equipos\/","url_meta":{"origin":7226,"position":3},"title":"EQUIPOS","author":"admin","date":"25 julio, 2017","format":false,"excerpt":"Senior Femenino Senior Masculino S18 S17 Femenino","rel":"","context":"Entrada similar","block_context":{"text":"Entrada similar","link":""},"img":{"alt_text":"","src":"https:\/\/i0.wp.com\/rugbymajadahonda.com\/web\/wp-content\/uploads\/2022\/09\/P5077916-scaled-e1662031029956.jpg?resize=350%2C200&ssl=1","width":350,"height":200,"srcset":"https:\/\/i0.wp.com\/rugbymajadahonda.com\/web\/wp-content\/uploads\/2022\/09\/P5077916-scaled-e1662031029956.jpg?resize=350%2C200&ssl=1 1x, https:\/\/i0.wp.com\/rugbymajadahonda.com\/web\/wp-content\/uploads\/2022\/09\/P5077916-scaled-e1662031029956.jpg?resize=525%2C300&ssl=1 1.5x, https:\/\/i0.wp.com\/rugbymajadahonda.com\/web\/wp-content\/uploads\/2022\/09\/P5077916-scaled-e1662031029956.jpg?resize=700%2C400&ssl=1 2x, https:\/\/i0.wp.com\/rugbymajadahonda.com\/web\/wp-content\/uploads\/2022\/09\/P5077916-scaled-e1662031029956.jpg?resize=1050%2C600&ssl=1 3x, https:\/\/i0.wp.com\/rugbymajadahonda.com\/web\/wp-content\/uploads\/2022\/09\/P5077916-scaled-e1662031029956.jpg?resize=1400%2C800&ssl=1 4x"},"classes":[]},{"id":7045,"url":"https:\/\/rugbymajadahonda.com\/web\/equipos\/academia\/s17fem\/","url_meta":{"origin":7226,"position":4},"title":"S17 Femenino","author":"admin","date":"25 noviembre, 2021","format":false,"excerpt":"Cr\u00f3nica 2\u00aa Jornada 21-09-2021Cronica 1\u00aaJornada 07-Noviembre 2021Plantilla","rel":"","context":"Entrada similar","block_context":{"text":"Entrada similar","link":""},"img":{"alt_text":"","src":"https:\/\/i0.wp.com\/rugbymajadahonda.com\/web\/wp-content\/uploads\/2021\/11\/indice-1-768x576.jpg?resize=350%2C200&ssl=1","width":350,"height":200,"srcset":"https:\/\/i0.wp.com\/rugbymajadahonda.com\/web\/wp-content\/uploads\/2021\/11\/indice-1-768x576.jpg?resize=350%2C200&ssl=1 1x, https:\/\/i0.wp.com\/rugbymajadahonda.com\/web\/wp-content\/uploads\/2021\/11\/indice-1-768x576.jpg?resize=525%2C300&ssl=1 1.5x, https:\/\/i0.wp.com\/rugbymajadahonda.com\/web\/wp-content\/uploads\/2021\/11\/indice-1-768x576.jpg?resize=700%2C400&ssl=1 2x"},"classes":[]},{"id":28,"url":"https:\/\/rugbymajadahonda.com\/web\/club\/palmares\/","url_meta":{"origin":7226,"position":5},"title":"Palmar\u00e9s","author":"admin","date":"25 julio, 2017","format":false,"excerpt":"Senior Femenino Campeonato de Espa\u00f1a 1993 y 1994 Campeonato de Espa\u00f1a 1995 y 1997 Copa de la Reina XV 1998, 1999 y 2000 Divisi\u00f3n de Honor Femenina 2023 Divisi\u00f3n de Honor Femenina 2016 y 2018, 2021 y 2022 Divisi\u00f3n de Honor Femenina 2011, 2017, 2019 y 2020 Seven Nacional. GPS\u2026","rel":"","context":"Entrada similar","block_context":{"text":"Entrada similar","link":""},"img":{"alt_text":"","src":"https:\/\/i0.wp.com\/rugbymajadahonda.com\/web\/wp-content\/uploads\/2021\/02\/LOGO-RUGBY-MAJADAHONDA-bicolor-300x68.png?resize=350%2C200&ssl=1","width":350,"height":200},"classes":[]}],"jetpack_sharing_enabled":true,"_links":{"self":[{"href":"https:\/\/rugbymajadahonda.com\/web\/wp-json\/wp\/v2\/pages\/7226","targetHints":{"allow":["GET"]}}],"collection":[{"href":"https:\/\/rugbymajadahonda.com\/web\/wp-json\/wp\/v2\/pages"}],"about":[{"href":"https:\/\/rugbymajadahonda.com\/web\/wp-json\/wp\/v2\/types\/page"}],"author":[{"embeddable":true,"href":"https:\/\/rugbymajadahonda.com\/web\/wp-json\/wp\/v2\/users\/1"}],"replies":[{"embeddable":true,"href":"https:\/\/rugbymajadahonda.com\/web\/wp-json\/wp\/v2\/comments?post=7226"}],"version-history":[{"count":31,"href":"https:\/\/rugbymajadahonda.com\/web\/wp-json\/wp\/v2\/pages\/7226\/revisions"}],"predecessor-version":[{"id":9250,"href":"https:\/\/rugbymajadahonda.com\/web\/wp-json\/wp\/v2\/pages\/7226\/revisions\/9250"}],"up":[{"embeddable":true,"href":"https:\/\/rugbymajadahonda.com\/web\/wp-json\/wp\/v2\/pages\/9254"}],"wp:attachment":[{"href":"https:\/\/rugbymajadahonda.com\/web\/wp-json\/wp\/v2\/media?parent=7226"}],"curies":[{"name":"wp","href":"https:\/\/api.w.org\/{rel}","templated":true}]}}