{"id":9254,"date":"2022-08-29T11:02:56","date_gmt":"2022-08-29T11:02:56","guid":{"rendered":"https:\/\/rugbymajadahonda.com\/web\/?page_id=9254"},"modified":"2022-08-29T11:02:59","modified_gmt":"2022-08-29T11:02:59","slug":"academia","status":"publish","type":"page","link":"https:\/\/rugbymajadahonda.com\/web\/equipos\/academia\/","title":{"rendered":"Academia"},"content":{"rendered":"","protected":false},"excerpt":{"rendered":"","protected":false},"author":1,"featured_media":0,"parent":30,"menu_order":3,"comment_status":"closed","ping_status":"closed","template":"","meta":{"cybocfi_hide_featured_image":"","footnotes":""},"class_list":["post-9254","page","type-page","status-publish","hentry"],"jetpack-related-posts":[{"id":7045,"url":"https:\/\/rugbymajadahonda.com\/web\/equipos\/academia\/s17fem\/","url_meta":{"origin":9254,"position":0},"title":"S17 Femenino","author":"admin","date":"25 noviembre, 2021","format":false,"excerpt":"Cr\u00f3nica 2\u00aa Jornada 21-09-2021Cronica 1\u00aaJornada 07-Noviembre 2021Plantilla","rel":"","context":"Entrada similar","block_context":{"text":"Entrada similar","link":""},"img":{"alt_text":"","src":"https:\/\/i0.wp.com\/rugbymajadahonda.com\/web\/wp-content\/uploads\/2021\/11\/indice-1-768x576.jpg?resize=350%2C200&ssl=1","width":350,"height":200,"srcset":"https:\/\/i0.wp.com\/rugbymajadahonda.com\/web\/wp-content\/uploads\/2021\/11\/indice-1-768x576.jpg?resize=350%2C200&ssl=1 1x, https:\/\/i0.wp.com\/rugbymajadahonda.com\/web\/wp-content\/uploads\/2021\/11\/indice-1-768x576.jpg?resize=525%2C300&ssl=1 1.5x, https:\/\/i0.wp.com\/rugbymajadahonda.com\/web\/wp-content\/uploads\/2021\/11\/indice-1-768x576.jpg?resize=700%2C400&ssl=1 2x"},"classes":[]},{"id":7184,"url":"https:\/\/rugbymajadahonda.com\/web\/equipos\/academia\/s16\/","url_meta":{"origin":9254,"position":1},"title":"S16","author":"admin","date":"28 noviembre, 2021","format":false,"excerpt":"S16 \u2013 2\u00aa DIVISI\u00d3N \u2013 CALENDARIO S16 \u2013 2\u00aa DIVISI\u00d3N \u2013 CLASIFICACI\u00d3N S16 \u2013 2\u00aa DIVISI\u00d3N \u2013 CALENDARIO S16 \u2013 2\u00aa DIVISI\u00d3N \u2013 CLASIFICACI\u00d3N","rel":"","context":"Entrada similar","block_context":{"text":"Entrada similar","link":""},"img":{"alt_text":"","src":"https:\/\/i0.wp.com\/rugbymajadahonda.com\/web\/wp-content\/uploads\/2021\/11\/Sub18.jpg?resize=350%2C200&ssl=1","width":350,"height":200,"srcset":"https:\/\/i0.wp.com\/rugbymajadahonda.com\/web\/wp-content\/uploads\/2021\/11\/Sub18.jpg?resize=350%2C200&ssl=1 1x, https:\/\/i0.wp.com\/rugbymajadahonda.com\/web\/wp-content\/uploads\/2021\/11\/Sub18.jpg?resize=525%2C300&ssl=1 1.5x, https:\/\/i0.wp.com\/rugbymajadahonda.com\/web\/wp-content\/uploads\/2021\/11\/Sub18.jpg?resize=700%2C400&ssl=1 2x"},"classes":[]},{"id":7215,"url":"https:\/\/rugbymajadahonda.com\/web\/equipos\/academia\/s18\/","url_meta":{"origin":9254,"position":2},"title":"S18","author":"admin","date":"28 noviembre, 2021","format":false,"excerpt":"S18 \u2013 2\u00aa DIVISI\u00d3N \u2013 CALENDARIO S18 \u2013 2\u00aa DIVISI\u00d3N \u2013 CLASIFICACI\u00d3N S18 \u2013 2\u00aa DIVISI\u00d3N \u2013 CALENDARIO S18 \u2013 2\u00aa DIVISI\u00d3N \u2013 CLASIFICACI\u00d3N","rel":"","context":"Entrada similar","block_context":{"text":"Entrada similar","link":""},"img":{"alt_text":"Sub 18 Temp. 2021-22","src":"https:\/\/i0.wp.com\/rugbymajadahonda.com\/web\/wp-content\/uploads\/2021\/11\/sub18-1-scaled-1024x558.jpg?resize=350%2C200&ssl=1","width":350,"height":200,"srcset":"https:\/\/i0.wp.com\/rugbymajadahonda.com\/web\/wp-content\/uploads\/2021\/11\/sub18-1-scaled-1024x558.jpg?resize=350%2C200&ssl=1 1x, https:\/\/i0.wp.com\/rugbymajadahonda.com\/web\/wp-content\/uploads\/2021\/11\/sub18-1-scaled-1024x558.jpg?resize=525%2C300&ssl=1 1.5x, https:\/\/i0.wp.com\/rugbymajadahonda.com\/web\/wp-content\/uploads\/2021\/11\/sub18-1-scaled-1024x558.jpg?resize=700%2C400&ssl=1 2x"},"classes":[]},{"id":7226,"url":"https:\/\/rugbymajadahonda.com\/web\/equipos\/academia\/s14\/","url_meta":{"origin":9254,"position":3},"title":"S14","author":"admin","date":"29 noviembre, 2021","format":false,"excerpt":"SUB 14 \u2013 2\u00aa DIVISI\u00d3N \u2013 CALENDARIO SUB 14 \u2013 2\u00aa DIVISI\u00d3N \u2013 CLASIFICACI\u00d3N SUB 14 \u2013 Desarrollo \u2013 CALENDARIO SUB 14 \u2013 2\u00aa DIVISI\u00d3N \u2013 CALENDARIO SUB 14 \u2013 2\u00aa DIVISI\u00d3N \u2013 CLASIFICACI\u00d3N SUB 14 \u2013 Desarrollo \u2013 CALENDARIO","rel":"","context":"Entrada similar","block_context":{"text":"Entrada similar","link":""},"img":{"alt_text":"","src":"https:\/\/i0.wp.com\/rugbymajadahonda.com\/web\/wp-content\/uploads\/2021\/11\/Sub14-1024x537.jpg?resize=350%2C200","width":350,"height":200,"srcset":"https:\/\/i0.wp.com\/rugbymajadahonda.com\/web\/wp-content\/uploads\/2021\/11\/Sub14-1024x537.jpg?resize=350%2C200 1x, https:\/\/i0.wp.com\/rugbymajadahonda.com\/web\/wp-content\/uploads\/2021\/11\/Sub14-1024x537.jpg?resize=525%2C300 1.5x, https:\/\/i0.wp.com\/rugbymajadahonda.com\/web\/wp-content\/uploads\/2021\/11\/Sub14-1024x537.jpg?resize=700%2C400 2x"},"classes":[]},{"id":139,"url":"https:\/\/rugbymajadahonda.com\/web\/unete-a-nosotros\/socios\/","url_meta":{"origin":9254,"position":4},"title":"Socios","author":"admin","date":"25 julio, 2017","format":false,"excerpt":"BENEFICIOS Y VENTAJASSer socio del Club de Rugby Majadahonda es mucho m\u00e1s que apoyar a un club. Es ayudar en el proyecto de crecimiento de un proyecto deportivo y social.Adem\u00e1s, ser socio del Club de Rugby Majadahonda tiene ventajas exclusivas. Voz y voto en Asambleas No te quedes solo mirando.\u2026","rel":"","context":"Entrada similar","block_context":{"text":"Entrada similar","link":""},"img":{"alt_text":"","src":"https:\/\/i0.wp.com\/rugbymajadahonda.com\/web\/wp-content\/uploads\/2018\/08\/socios-1-1024x205.jpg?resize=350%2C200","width":350,"height":200,"srcset":"https:\/\/i0.wp.com\/rugbymajadahonda.com\/web\/wp-content\/uploads\/2018\/08\/socios-1-1024x205.jpg?resize=350%2C200 1x, https:\/\/i0.wp.com\/rugbymajadahonda.com\/web\/wp-content\/uploads\/2018\/08\/socios-1-1024x205.jpg?resize=525%2C300 1.5x, https:\/\/i0.wp.com\/rugbymajadahonda.com\/web\/wp-content\/uploads\/2018\/08\/socios-1-1024x205.jpg?resize=700%2C400 2x"},"classes":[]},{"id":10473,"url":"https:\/\/rugbymajadahonda.com\/web\/rsc-rugby-majadahonda\/","url_meta":{"origin":9254,"position":5},"title":"El motor que nos mueve","author":"admin","date":"9 abril, 2023","format":false,"excerpt":"EL MOTOR QUE NOS MUEVE EDUCACI\u00d3N EN EL DEPORTE MEDIO AMBIENTE IGUALDAD Y REDUCCI\u00d3N DE DESIGUALDADES SALUD Y BIENESTAR ALIANZA PARA LOGRAR LOS OBJETIVOS EDUCACI\u00d3N EN EL DEPORTE En el Club de Rugby Majadahonda trabajamos para conseguir la mejor versi\u00f3n de los ni\u00f1os y ni\u00f1as de nuestra escuela, no solo\u2026","rel":"","context":"Entrada similar","block_context":{"text":"Entrada similar","link":""},"img":{"alt_text":"","src":"https:\/\/i0.wp.com\/rugbymajadahonda.com\/web\/wp-content\/uploads\/2021\/02\/LOGO-RUGBY-MAJADAHONDA-bicolor-300x68.png?resize=350%2C200&ssl=1","width":350,"height":200},"classes":[]}],"jetpack_sharing_enabled":true,"_links":{"self":[{"href":"https:\/\/rugbymajadahonda.com\/web\/wp-json\/wp\/v2\/pages\/9254","targetHints":{"allow":["GET"]}}],"collection":[{"href":"https:\/\/rugbymajadahonda.com\/web\/wp-json\/wp\/v2\/pages"}],"about":[{"href":"https:\/\/rugbymajadahonda.com\/web\/wp-json\/wp\/v2\/types\/page"}],"author":[{"embeddable":true,"href":"https:\/\/rugbymajadahonda.com\/web\/wp-json\/wp\/v2\/users\/1"}],"replies":[{"embeddable":true,"href":"https:\/\/rugbymajadahonda.com\/web\/wp-json\/wp\/v2\/comments?post=9254"}],"version-history":[{"count":1,"href":"https:\/\/rugbymajadahonda.com\/web\/wp-json\/wp\/v2\/pages\/9254\/revisions"}],"predecessor-version":[{"id":9255,"href":"https:\/\/rugbymajadahonda.com\/web\/wp-json\/wp\/v2\/pages\/9254\/revisions\/9255"}],"up":[{"embeddable":true,"href":"https:\/\/rugbymajadahonda.com\/web\/wp-json\/wp\/v2\/pages\/30"}],"wp:attachment":[{"href":"https:\/\/rugbymajadahonda.com\/web\/wp-json\/wp\/v2\/media?parent=9254"}],"curies":[{"name":"wp","href":"https:\/\/api.w.org\/{rel}","templated":true}]}}